{"id":15,"date":"2021-09-20T13:19:50","date_gmt":"2021-09-20T11:19:50","guid":{"rendered":"https:\/\/xn--wrfel-becher-dlb.de\/?page_id=15"},"modified":"2021-10-19T09:33:56","modified_gmt":"2021-10-19T07:33:56","slug":"impressum","status":"publish","type":"page","link":"https:\/\/wuerfel-becher.de\/index.php\/impressum\/","title":{"rendered":"Impressum"},"content":{"rendered":"\n<h2 class=\"wp-block-heading\">Angaben gem\u00e4\u00df \u00a7 5 TMG<\/h2>\n\n\n\n<p>Design Limburg GbR<br>Am Schlag 32a<br>65549 Limburg<\/p>\n\n\n\n<p><strong>Vertreten durch:<\/strong><br>Dominik Grebert und Stefan Serafin<\/p>\n\n\n\n<h2 class=\"wp-block-heading\">Kontakt<\/h2>\n\n\n\n<p>Telefon: 06431 944 12 86<br>E-Mail: info@design-limburg.de<\/p>\n\n\n\n<h2 class=\"wp-block-heading\">Umsatzsteuer-ID<\/h2>\n\n\n\n<p>Umsatzsteuer-Identifikationsnummer gem\u00e4\u00df \u00a7 27 a Umsatzsteuergesetz:<br>DE-038 311 60050<\/p>\n\n\n\n<h2 class=\"wp-block-heading\">Redaktionell verantwortlich<\/h2>\n\n\n\n<p>Dominik Grebert und Stefan Serafin<br>Am Schlag 32a<br>65549 Limburg<\/p>\n\n\n\n<h2 class=\"wp-block-heading\">EU-Streitschlichtung<\/h2>\n\n\n\n<p>Die Europ\u00e4ische Kommission stellt eine Plattform zur Online-Streitbeilegung (OS) bereit:&nbsp;<a href=\"https:\/\/ec.europa.eu\/consumers\/odr\/\" target=\"_blank\" rel=\"noreferrer noopener\">https:\/\/ec.europa.eu\/consumers\/odr\/<\/a>.<br>Unsere E-Mail-Adresse finden Sie oben im Impressum.<\/p>\n\n\n\n<h2 class=\"wp-block-heading\">Verbraucher\u00adstreit\u00adbeilegung\/Universal\u00adschlichtungs\u00adstelle<\/h2>\n\n\n\n<p>Wir sind nicht bereit oder verpflichtet, an Streitbeilegungsverfahren vor einer Verbraucherschlichtungsstelle teilzunehmen.<\/p>\n\n\n\n<p>Quelle:&nbsp;<a href=\"https:\/\/www.e-recht24.de\/impressum-generator.html\">https:\/\/www.e-recht24.de\/impressum-generator.html<\/a><\/p>\n","protected":false},"excerpt":{"rendered":"<p>Angaben gem\u00e4\u00df \u00a7 5 TMG Design Limburg GbRAm Schlag 32a65549 Limburg Vertreten durch:Dominik Grebert und Stefan Serafin Kontakt Telefon: 06431 944 12 86E-Mail: info@design-limburg.de Umsatzsteuer-ID Umsatzsteuer-Identifikationsnummer gem\u00e4\u00df \u00a7 27 a Umsatzsteuergesetz:DE-038 311 60050 Redaktionell verantwortlich Dominik Grebert und Stefan SerafinAm Schlag 32a65549 Limburg EU-Streitschlichtung Die Europ\u00e4ische Kommission stellt eine Plattform zur Online-Streitbeilegung (OS) bereit:&nbsp;https:\/\/ec.europa.eu\/consumers\/odr\/.Unsere E-Mail-Adresse &hellip; <\/p>\n","protected":false},"author":1,"featured_media":0,"parent":0,"menu_order":0,"comment_status":"closed","ping_status":"closed","template":"","meta":{"footnotes":""},"class_list":["post-15","page","type-page","status-publish","hentry"],"yoast_head":"<!-- This site is optimized with the Yoast SEO plugin v27.4 - https:\/\/yoast.com\/product\/yoast-seo-wordpress\/ -->\n<title>Impressum - W\u00fcrfel-Becher.de<\/title>\n<meta name=\"robots\" content=\"index, follow, max-snippet:-1, max-image-preview:large, max-video-preview:-1\" \/>\n<link rel=\"canonical\" href=\"https:\/\/wuerfel-becher.de\/index.php\/impressum\/\" \/>\n<meta property=\"og:locale\" content=\"de_DE\" \/>\n<meta property=\"og:type\" content=\"article\" \/>\n<meta property=\"og:title\" content=\"Impressum - W\u00fcrfel-Becher.de\" \/>\n<meta property=\"og:description\" content=\"Angaben gem\u00e4\u00df \u00a7 5 TMG Design Limburg GbRAm Schlag 32a65549 Limburg Vertreten durch:Dominik Grebert und Stefan Serafin Kontakt Telefon: 06431 944 12 86E-Mail: info@design-limburg.de Umsatzsteuer-ID Umsatzsteuer-Identifikationsnummer gem\u00e4\u00df \u00a7 27 a Umsatzsteuergesetz:DE-038 311 60050 Redaktionell verantwortlich Dominik Grebert und Stefan SerafinAm Schlag 32a65549 Limburg EU-Streitschlichtung Die Europ\u00e4ische Kommission stellt eine Plattform zur Online-Streitbeilegung (OS) bereit:&nbsp;https:\/\/ec.europa.eu\/consumers\/odr\/.Unsere E-Mail-Adresse &hellip;\" \/>\n<meta property=\"og:url\" content=\"https:\/\/wuerfel-becher.de\/index.php\/impressum\/\" \/>\n<meta property=\"og:site_name\" content=\"W\u00fcrfel-Becher.de\" \/>\n<meta property=\"article:modified_time\" content=\"2021-10-19T07:33:56+00:00\" \/>\n<meta name=\"twitter:card\" content=\"summary_large_image\" \/>\n<script type=\"application\/ld+json\" class=\"yoast-schema-graph\">{\"@context\":\"https:\\\/\\\/schema.org\",\"@graph\":[{\"@type\":\"Article\",\"@id\":\"https:\\\/\\\/wuerfel-becher.de\\\/index.php\\\/impressum\\\/#article\",\"isPartOf\":{\"@id\":\"https:\\\/\\\/wuerfel-becher.de\\\/index.php\\\/impressum\\\/\"},\"author\":{\"name\":\"becher\",\"@id\":\"https:\\\/\\\/wuerfel-becher.de\\\/#\\\/schema\\\/person\\\/b0bf433cabdd7e0219bac67dcc571154\"},\"headline\":\"Impressum\",\"datePublished\":\"2021-09-20T11:19:50+00:00\",\"dateModified\":\"2021-10-19T07:33:56+00:00\",\"mainEntityOfPage\":{\"@id\":\"https:\\\/\\\/wuerfel-becher.de\\\/index.php\\\/impressum\\\/\"},\"wordCount\":91,\"publisher\":{\"@id\":\"https:\\\/\\\/wuerfel-becher.de\\\/#organization\"},\"inLanguage\":\"de\"},{\"@type\":\"WebPage\",\"@id\":\"https:\\\/\\\/wuerfel-becher.de\\\/index.php\\\/impressum\\\/\",\"url\":\"https:\\\/\\\/wuerfel-becher.de\\\/index.php\\\/impressum\\\/\",\"name\":\"Impressum - W\u00fcrfel-Becher.de\",\"isPartOf\":{\"@id\":\"https:\\\/\\\/wuerfel-becher.de\\\/#website\"},\"datePublished\":\"2021-09-20T11:19:50+00:00\",\"dateModified\":\"2021-10-19T07:33:56+00:00\",\"breadcrumb\":{\"@id\":\"https:\\\/\\\/wuerfel-becher.de\\\/index.php\\\/impressum\\\/#breadcrumb\"},\"inLanguage\":\"de\",\"potentialAction\":[{\"@type\":\"ReadAction\",\"target\":[\"https:\\\/\\\/wuerfel-becher.de\\\/index.php\\\/impressum\\\/\"]}]},{\"@type\":\"BreadcrumbList\",\"@id\":\"https:\\\/\\\/wuerfel-becher.de\\\/index.php\\\/impressum\\\/#breadcrumb\",\"itemListElement\":[{\"@type\":\"ListItem\",\"position\":1,\"name\":\"Startseite\",\"item\":\"https:\\\/\\\/wuerfel-becher.de\\\/\"},{\"@type\":\"ListItem\",\"position\":2,\"name\":\"Impressum\"}]},{\"@type\":\"WebSite\",\"@id\":\"https:\\\/\\\/wuerfel-becher.de\\\/#website\",\"url\":\"https:\\\/\\\/wuerfel-becher.de\\\/\",\"name\":\"W\u00fcrfel-Becher.de\",\"description\":\"\",\"publisher\":{\"@id\":\"https:\\\/\\\/wuerfel-becher.de\\\/#organization\"},\"potentialAction\":[{\"@type\":\"SearchAction\",\"target\":{\"@type\":\"EntryPoint\",\"urlTemplate\":\"https:\\\/\\\/wuerfel-becher.de\\\/?s={search_term_string}\"},\"query-input\":{\"@type\":\"PropertyValueSpecification\",\"valueRequired\":true,\"valueName\":\"search_term_string\"}}],\"inLanguage\":\"de\"},{\"@type\":\"Organization\",\"@id\":\"https:\\\/\\\/wuerfel-becher.de\\\/#organization\",\"name\":\"W\u00fcrfel-Becher.de\",\"url\":\"https:\\\/\\\/wuerfel-becher.de\\\/\",\"logo\":{\"@type\":\"ImageObject\",\"inLanguage\":\"de\",\"@id\":\"https:\\\/\\\/wuerfel-becher.de\\\/#\\\/schema\\\/logo\\\/image\\\/\",\"url\":\"https:\\\/\\\/xn--wrfel-becher-dlb.de\\\/wp-content\\\/uploads\\\/2021\\\/11\\\/becherlogo.png\",\"contentUrl\":\"https:\\\/\\\/xn--wrfel-becher-dlb.de\\\/wp-content\\\/uploads\\\/2021\\\/11\\\/becherlogo.png\",\"width\":418,\"height\":449,\"caption\":\"W\u00fcrfel-Becher.de\"},\"image\":{\"@id\":\"https:\\\/\\\/wuerfel-becher.de\\\/#\\\/schema\\\/logo\\\/image\\\/\"},\"sameAs\":[\"https:\\\/\\\/www.instagram.com\\\/wuerfelbecher_mit_gravur\\\/\"]},{\"@type\":\"Person\",\"@id\":\"https:\\\/\\\/wuerfel-becher.de\\\/#\\\/schema\\\/person\\\/b0bf433cabdd7e0219bac67dcc571154\",\"name\":\"becher\",\"image\":{\"@type\":\"ImageObject\",\"inLanguage\":\"de\",\"@id\":\"https:\\\/\\\/secure.gravatar.com\\\/avatar\\\/bd3db96f363d3ae9047fb09ff805c2cb02c2d2a66fbeb6839147bb1511148321?s=96&d=mm&r=g\",\"url\":\"https:\\\/\\\/secure.gravatar.com\\\/avatar\\\/bd3db96f363d3ae9047fb09ff805c2cb02c2d2a66fbeb6839147bb1511148321?s=96&d=mm&r=g\",\"contentUrl\":\"https:\\\/\\\/secure.gravatar.com\\\/avatar\\\/bd3db96f363d3ae9047fb09ff805c2cb02c2d2a66fbeb6839147bb1511148321?s=96&d=mm&r=g\",\"caption\":\"becher\"},\"sameAs\":[\"http:\\\/\\\/xn--wrfel-becher-dlb.de\"],\"url\":\"https:\\\/\\\/wuerfel-becher.de\\\/index.php\\\/author\\\/becher\\\/\"}]}<\/script>\n<!-- \/ Yoast SEO plugin. -->","yoast_head_json":{"title":"Impressum - W\u00fcrfel-Becher.de","robots":{"index":"index","follow":"follow","max-snippet":"max-snippet:-1","max-image-preview":"max-image-preview:large","max-video-preview":"max-video-preview:-1"},"canonical":"https:\/\/wuerfel-becher.de\/index.php\/impressum\/","og_locale":"de_DE","og_type":"article","og_title":"Impressum - W\u00fcrfel-Becher.de","og_description":"Angaben gem\u00e4\u00df \u00a7 5 TMG Design Limburg GbRAm Schlag 32a65549 Limburg Vertreten durch:Dominik Grebert und Stefan Serafin Kontakt Telefon: 06431 944 12 86E-Mail: info@design-limburg.de Umsatzsteuer-ID Umsatzsteuer-Identifikationsnummer gem\u00e4\u00df \u00a7 27 a Umsatzsteuergesetz:DE-038 311 60050 Redaktionell verantwortlich Dominik Grebert und Stefan SerafinAm Schlag 32a65549 Limburg EU-Streitschlichtung Die Europ\u00e4ische Kommission stellt eine Plattform zur Online-Streitbeilegung (OS) bereit:&nbsp;https:\/\/ec.europa.eu\/consumers\/odr\/.Unsere E-Mail-Adresse &hellip;","og_url":"https:\/\/wuerfel-becher.de\/index.php\/impressum\/","og_site_name":"W\u00fcrfel-Becher.de","article_modified_time":"2021-10-19T07:33:56+00:00","twitter_card":"summary_large_image","schema":{"@context":"https:\/\/schema.org","@graph":[{"@type":"Article","@id":"https:\/\/wuerfel-becher.de\/index.php\/impressum\/#article","isPartOf":{"@id":"https:\/\/wuerfel-becher.de\/index.php\/impressum\/"},"author":{"name":"becher","@id":"https:\/\/wuerfel-becher.de\/#\/schema\/person\/b0bf433cabdd7e0219bac67dcc571154"},"headline":"Impressum","datePublished":"2021-09-20T11:19:50+00:00","dateModified":"2021-10-19T07:33:56+00:00","mainEntityOfPage":{"@id":"https:\/\/wuerfel-becher.de\/index.php\/impressum\/"},"wordCount":91,"publisher":{"@id":"https:\/\/wuerfel-becher.de\/#organization"},"inLanguage":"de"},{"@type":"WebPage","@id":"https:\/\/wuerfel-becher.de\/index.php\/impressum\/","url":"https:\/\/wuerfel-becher.de\/index.php\/impressum\/","name":"Impressum - W\u00fcrfel-Becher.de","isPartOf":{"@id":"https:\/\/wuerfel-becher.de\/#website"},"datePublished":"2021-09-20T11:19:50+00:00","dateModified":"2021-10-19T07:33:56+00:00","breadcrumb":{"@id":"https:\/\/wuerfel-becher.de\/index.php\/impressum\/#breadcrumb"},"inLanguage":"de","potentialAction":[{"@type":"ReadAction","target":["https:\/\/wuerfel-becher.de\/index.php\/impressum\/"]}]},{"@type":"BreadcrumbList","@id":"https:\/\/wuerfel-becher.de\/index.php\/impressum\/#breadcrumb","itemListElement":[{"@type":"ListItem","position":1,"name":"Startseite","item":"https:\/\/wuerfel-becher.de\/"},{"@type":"ListItem","position":2,"name":"Impressum"}]},{"@type":"WebSite","@id":"https:\/\/wuerfel-becher.de\/#website","url":"https:\/\/wuerfel-becher.de\/","name":"W\u00fcrfel-Becher.de","description":"","publisher":{"@id":"https:\/\/wuerfel-becher.de\/#organization"},"potentialAction":[{"@type":"SearchAction","target":{"@type":"EntryPoint","urlTemplate":"https:\/\/wuerfel-becher.de\/?s={search_term_string}"},"query-input":{"@type":"PropertyValueSpecification","valueRequired":true,"valueName":"search_term_string"}}],"inLanguage":"de"},{"@type":"Organization","@id":"https:\/\/wuerfel-becher.de\/#organization","name":"W\u00fcrfel-Becher.de","url":"https:\/\/wuerfel-becher.de\/","logo":{"@type":"ImageObject","inLanguage":"de","@id":"https:\/\/wuerfel-becher.de\/#\/schema\/logo\/image\/","url":"https:\/\/xn--wrfel-becher-dlb.de\/wp-content\/uploads\/2021\/11\/becherlogo.png","contentUrl":"https:\/\/xn--wrfel-becher-dlb.de\/wp-content\/uploads\/2021\/11\/becherlogo.png","width":418,"height":449,"caption":"W\u00fcrfel-Becher.de"},"image":{"@id":"https:\/\/wuerfel-becher.de\/#\/schema\/logo\/image\/"},"sameAs":["https:\/\/www.instagram.com\/wuerfelbecher_mit_gravur\/"]},{"@type":"Person","@id":"https:\/\/wuerfel-becher.de\/#\/schema\/person\/b0bf433cabdd7e0219bac67dcc571154","name":"becher","image":{"@type":"ImageObject","inLanguage":"de","@id":"https:\/\/secure.gravatar.com\/avatar\/bd3db96f363d3ae9047fb09ff805c2cb02c2d2a66fbeb6839147bb1511148321?s=96&d=mm&r=g","url":"https:\/\/secure.gravatar.com\/avatar\/bd3db96f363d3ae9047fb09ff805c2cb02c2d2a66fbeb6839147bb1511148321?s=96&d=mm&r=g","contentUrl":"https:\/\/secure.gravatar.com\/avatar\/bd3db96f363d3ae9047fb09ff805c2cb02c2d2a66fbeb6839147bb1511148321?s=96&d=mm&r=g","caption":"becher"},"sameAs":["http:\/\/xn--wrfel-becher-dlb.de"],"url":"https:\/\/wuerfel-becher.de\/index.php\/author\/becher\/"}]}},"jetpack_sharing_enabled":true,"_links":{"self":[{"href":"https:\/\/wuerfel-becher.de\/index.php\/wp-json\/wp\/v2\/pages\/15","targetHints":{"allow":["GET"]}}],"collection":[{"href":"https:\/\/wuerfel-becher.de\/index.php\/wp-json\/wp\/v2\/pages"}],"about":[{"href":"https:\/\/wuerfel-becher.de\/index.php\/wp-json\/wp\/v2\/types\/page"}],"author":[{"embeddable":true,"href":"https:\/\/wuerfel-becher.de\/index.php\/wp-json\/wp\/v2\/users\/1"}],"replies":[{"embeddable":true,"href":"https:\/\/wuerfel-becher.de\/index.php\/wp-json\/wp\/v2\/comments?post=15"}],"version-history":[{"count":3,"href":"https:\/\/wuerfel-becher.de\/index.php\/wp-json\/wp\/v2\/pages\/15\/revisions"}],"predecessor-version":[{"id":372,"href":"https:\/\/wuerfel-becher.de\/index.php\/wp-json\/wp\/v2\/pages\/15\/revisions\/372"}],"wp:attachment":[{"href":"https:\/\/wuerfel-becher.de\/index.php\/wp-json\/wp\/v2\/media?parent=15"}],"curies":[{"name":"wp","href":"https:\/\/api.w.org\/{rel}","templated":true}]}}