{"id":30,"date":"2021-10-13T13:34:46","date_gmt":"2021-10-13T11:34:46","guid":{"rendered":"https:\/\/xn--wrfel-becher-dlb.de\/?page_id=30"},"modified":"2024-05-21T09:43:23","modified_gmt":"2024-05-21T07:43:23","slug":"rueckerstattung_rueckgaben","status":"publish","type":"page","link":"https:\/\/wuerfel-becher.de\/index.php\/rueckerstattung_rueckgaben\/","title":{"rendered":"Widerrufsrecht"},"content":{"rendered":"\n<p><strong>Widerrufsrecht<\/strong><\/p>\n\n\n\n<p>Vereinbarungen zum Thema Widerruf<\/p>\n\n\n\n<p>Das Widerrufsrecht gilt grunds\u00e4tzlich ausschlie\u00dflich f\u00fcr Verbraucher, hierbei im Sinne des \u00a7 13 BGB. Alle, die als Auftraggeber f\u00fcr w\u00fcrfel-becher.de fungieren, kommen die \u00a7\u00a7 355 ff BGB zum Tragen. Die nachstehende Information in der Widerrufsbelehrung ist diesbez\u00fcglich f\u00fcr Sie g\u00fcltig und zu beachten.<br>Widerrufsrecht<\/p>\n\n\n\n<p>Die zwischen Ihnen als Auftraggeber und uns als Ausf\u00fchrender abgeschlossene Vertragserkl\u00e4rung kann von Ihnen innerhalb eines Monates ohne Angaben von Gr\u00fcnden gek\u00fcndigt werden. Diese Mitteilung muss schriftlich eingehen, wobei Sie sowohl den postalischen Weg mittels Brief, aber auch die elektronische Kommunikation \u00fcber Email oder Fax w\u00e4hlen k\u00f6nnen. Sollte Ihnen die in Auftrag gegebene Sache vor Ablauf der einmonatigen Frist \u00fcberlassen worden sein, k\u00f6nnen sie diese retournieren. Die Frist zum Widerruf beginnt unmittelbar nachdem Sie diese Belehrung in Textform erhalten haben , steht aber auch in unmittelbarem Zusammenhang, wann Ihnen die Ware zugeht. Sollte es sich um eine wiederkehrende Lieferung von Waren handeln, die sich gleichen, ist der Termin des ersten Wareneingangs entscheidend. Abgesehen davon kann der Fristenlauf zum Widerrufsrecht nicht vor der Erf\u00fcllung unserer Informationspflicht gem\u00e4\u00df Artikel 246 \u00a7 2 in Verbindung mit \u00a7 1 Absatz 1 und 2 EGBGB sowie unserer Pflichten gem\u00e4\u00df \u00a7 312g Absatz 1 Satz 1 BGB in Verbindung mit Artikel 246 \u00a7 3 EGBGB beginnen. Um die Widerrufsfrist zu wahren, gen\u00fcgt es, wenn Sie den Widerruf rechtzeitig absenden bzw. die Sache fristgerecht retournieren. Der Widerruf ist an folgende Adresse zu richten:<\/p>\n\n\n\n<p>Design-Limburg GbR<br>Am Schlag 32a<br>65549 Limburg<br>Deutschland<\/p>\n\n\n\n<p>E-Mail: info@design-limburg.de<br>Folgen des Widerrufs<\/p>\n\n\n\n<p>Erfolgt der Widerruf rechtzeitig und zu Recht, wird er wirksam. Das bedeutet, dass die beiderseits empfangenen Leistungen zur\u00fcck zu gew\u00e4hren sind und entstandener Nutzen, wie Zinsen auf bereits get\u00e4tigte Zahlungen, auszuh\u00e4ndigen sind. Ist dies f\u00fcr Sie nicht oder nur teilweise m\u00f6glich, bzw. kann die Ware nicht mehr im Originalzustand retourniert werden, ist von Ihnen entsprechender Wertersatz zu leisten. Haben Sie die Sache bestimmungsgem\u00e4\u00df genutzt und hat sich infolgedessen der Zustand verschlechtert, ist kein Wertersatz f\u00e4llig. Dieser Anspruch unsererseits kommt zum Tragen, wenn Sie die Sache nicht nur einer \u00dcberpr\u00fcfung der Eigenschaften sowie der Funktionsweise entspricht sondern dar\u00fcber hinausgeht. Kann die Sache in einem Paket versendet werden, \u00fcbernehmen wir das diesbez\u00fcgliche Risiko, allerdings haben Sie die entsprechenden Versandkosten zu tragen, wenn die gelieferte Ware der Bestellung entspricht und ihr Wert die Summe von 40 Euro nicht \u00fcbersteigt. Auch wenn Sie zum Zeitpunkt des Widerrufs keinerlei Gegenleistung oder eine eventuell schriftlich getroffene Teilzahlung noch nicht geleistet haben, sind die Versandkosten von Ihnen zu leisten. In allen anderen F\u00e4llen ist die R\u00fccksendung allerdings kostenfrei. Kann die Ware nicht versendet werden, ist eine Abholung m\u00f6glich. Sind Zahlungen zu erstatten, so sind diese innerhalb von 30 Tagen zu leisten, wobei die Frist durch Absenden der Widerrufserkl\u00e4rung bzw. dem Empfang der Retoureware beginnt.<br>Besondere Hinweise<\/p>\n\n\n\n<p>Das Widerrufsrecht gem\u00e4\u00df \u00a7 312d Abs. 4 Nr.1 BGB gilt nicht f\u00fcr Waren, die nach Auftraggeberspezifikation angefertigt wurden oder eindeutig individuell hergestellt wurden, sowie Bestellungen, die ohne Nutzung unseres\u00a0<a>Konfigurators<\/a>\u00a0aufgegeben werden, ebenfalls vom\u00a0<a>Widerruf<\/a>\u00a0ausgeschlossen sind.. Dies gilt insbesondere f\u00fcr Druckerzeugnisse und Gravuren, die wuerfel-becher.de in Ihrem Auftrag und unter Zugrundelegung Ihrer Vorgaben hergestellt hat. In diesem Zusammenhang ist eine R\u00fccksendung in rechtlicher Hinsicht ungeeignet. F\u00fcr Unternehmer besteht generell kein Widerrufsrecht.<\/p>\n","protected":false},"excerpt":{"rendered":"<p>Widerrufsrecht Vereinbarungen zum Thema Widerruf Das Widerrufsrecht gilt grunds\u00e4tzlich ausschlie\u00dflich f\u00fcr Verbraucher, hierbei im Sinne des \u00a7 13 BGB. Alle, die als Auftraggeber f\u00fcr w\u00fcrfel-becher.de fungieren, kommen die \u00a7\u00a7 355 ff BGB zum Tragen. Die nachstehende Information in der Widerrufsbelehrung ist diesbez\u00fcglich f\u00fcr Sie g\u00fcltig und zu beachten.Widerrufsrecht Die zwischen Ihnen als Auftraggeber und uns &hellip; <\/p>\n","protected":false},"author":1,"featured_media":0,"parent":0,"menu_order":0,"comment_status":"closed","ping_status":"closed","template":"","meta":{"footnotes":""},"class_list":["post-30","page","type-page","status-publish","hentry"],"yoast_head":"<!-- This site is optimized with the Yoast SEO plugin v27.3 - https:\/\/yoast.com\/product\/yoast-seo-wordpress\/ -->\n<title>Widerrufsrecht - W\u00fcrfel-Becher.de<\/title>\n<meta name=\"robots\" content=\"index, follow, max-snippet:-1, max-image-preview:large, max-video-preview:-1\" \/>\n<link rel=\"canonical\" href=\"https:\/\/wuerfel-becher.de\/index.php\/rueckerstattung_rueckgaben\/\" \/>\n<meta property=\"og:locale\" content=\"de_DE\" \/>\n<meta property=\"og:type\" content=\"article\" \/>\n<meta property=\"og:title\" content=\"Widerrufsrecht - W\u00fcrfel-Becher.de\" \/>\n<meta property=\"og:description\" content=\"Widerrufsrecht Vereinbarungen zum Thema Widerruf Das Widerrufsrecht gilt grunds\u00e4tzlich ausschlie\u00dflich f\u00fcr Verbraucher, hierbei im Sinne des \u00a7 13 BGB. Alle, die als Auftraggeber f\u00fcr w\u00fcrfel-becher.de fungieren, kommen die \u00a7\u00a7 355 ff BGB zum Tragen. Die nachstehende Information in der Widerrufsbelehrung ist diesbez\u00fcglich f\u00fcr Sie g\u00fcltig und zu beachten.Widerrufsrecht Die zwischen Ihnen als Auftraggeber und uns &hellip;\" \/>\n<meta property=\"og:url\" content=\"https:\/\/wuerfel-becher.de\/index.php\/rueckerstattung_rueckgaben\/\" \/>\n<meta property=\"og:site_name\" content=\"W\u00fcrfel-Becher.de\" \/>\n<meta property=\"article:modified_time\" content=\"2024-05-21T07:43:23+00:00\" \/>\n<meta name=\"twitter:card\" content=\"summary_large_image\" \/>\n<meta name=\"twitter:label1\" content=\"Gesch\u00e4tzte Lesezeit\" \/>\n\t<meta name=\"twitter:data1\" content=\"3\u00a0Minuten\" \/>\n<script type=\"application\/ld+json\" class=\"yoast-schema-graph\">{\"@context\":\"https:\\\/\\\/schema.org\",\"@graph\":[{\"@type\":\"Article\",\"@id\":\"https:\\\/\\\/wuerfel-becher.de\\\/index.php\\\/rueckerstattung_rueckgaben\\\/#article\",\"isPartOf\":{\"@id\":\"https:\\\/\\\/wuerfel-becher.de\\\/index.php\\\/rueckerstattung_rueckgaben\\\/\"},\"author\":{\"name\":\"becher\",\"@id\":\"https:\\\/\\\/wuerfel-becher.de\\\/#\\\/schema\\\/person\\\/b0bf433cabdd7e0219bac67dcc571154\"},\"headline\":\"Widerrufsrecht\",\"datePublished\":\"2021-10-13T11:34:46+00:00\",\"dateModified\":\"2024-05-21T07:43:23+00:00\",\"mainEntityOfPage\":{\"@id\":\"https:\\\/\\\/wuerfel-becher.de\\\/index.php\\\/rueckerstattung_rueckgaben\\\/\"},\"wordCount\":543,\"publisher\":{\"@id\":\"https:\\\/\\\/wuerfel-becher.de\\\/#organization\"},\"inLanguage\":\"de\"},{\"@type\":\"WebPage\",\"@id\":\"https:\\\/\\\/wuerfel-becher.de\\\/index.php\\\/rueckerstattung_rueckgaben\\\/\",\"url\":\"https:\\\/\\\/wuerfel-becher.de\\\/index.php\\\/rueckerstattung_rueckgaben\\\/\",\"name\":\"Widerrufsrecht - W\u00fcrfel-Becher.de\",\"isPartOf\":{\"@id\":\"https:\\\/\\\/wuerfel-becher.de\\\/#website\"},\"datePublished\":\"2021-10-13T11:34:46+00:00\",\"dateModified\":\"2024-05-21T07:43:23+00:00\",\"breadcrumb\":{\"@id\":\"https:\\\/\\\/wuerfel-becher.de\\\/index.php\\\/rueckerstattung_rueckgaben\\\/#breadcrumb\"},\"inLanguage\":\"de\",\"potentialAction\":[{\"@type\":\"ReadAction\",\"target\":[\"https:\\\/\\\/wuerfel-becher.de\\\/index.php\\\/rueckerstattung_rueckgaben\\\/\"]}]},{\"@type\":\"BreadcrumbList\",\"@id\":\"https:\\\/\\\/wuerfel-becher.de\\\/index.php\\\/rueckerstattung_rueckgaben\\\/#breadcrumb\",\"itemListElement\":[{\"@type\":\"ListItem\",\"position\":1,\"name\":\"Startseite\",\"item\":\"https:\\\/\\\/wuerfel-becher.de\\\/\"},{\"@type\":\"ListItem\",\"position\":2,\"name\":\"Widerrufsrecht\"}]},{\"@type\":\"WebSite\",\"@id\":\"https:\\\/\\\/wuerfel-becher.de\\\/#website\",\"url\":\"https:\\\/\\\/wuerfel-becher.de\\\/\",\"name\":\"W\u00fcrfel-Becher.de\",\"description\":\"\",\"publisher\":{\"@id\":\"https:\\\/\\\/wuerfel-becher.de\\\/#organization\"},\"potentialAction\":[{\"@type\":\"SearchAction\",\"target\":{\"@type\":\"EntryPoint\",\"urlTemplate\":\"https:\\\/\\\/wuerfel-becher.de\\\/?s={search_term_string}\"},\"query-input\":{\"@type\":\"PropertyValueSpecification\",\"valueRequired\":true,\"valueName\":\"search_term_string\"}}],\"inLanguage\":\"de\"},{\"@type\":\"Organization\",\"@id\":\"https:\\\/\\\/wuerfel-becher.de\\\/#organization\",\"name\":\"W\u00fcrfel-Becher.de\",\"url\":\"https:\\\/\\\/wuerfel-becher.de\\\/\",\"logo\":{\"@type\":\"ImageObject\",\"inLanguage\":\"de\",\"@id\":\"https:\\\/\\\/wuerfel-becher.de\\\/#\\\/schema\\\/logo\\\/image\\\/\",\"url\":\"https:\\\/\\\/xn--wrfel-becher-dlb.de\\\/wp-content\\\/uploads\\\/2021\\\/11\\\/becherlogo.png\",\"contentUrl\":\"https:\\\/\\\/xn--wrfel-becher-dlb.de\\\/wp-content\\\/uploads\\\/2021\\\/11\\\/becherlogo.png\",\"width\":418,\"height\":449,\"caption\":\"W\u00fcrfel-Becher.de\"},\"image\":{\"@id\":\"https:\\\/\\\/wuerfel-becher.de\\\/#\\\/schema\\\/logo\\\/image\\\/\"},\"sameAs\":[\"https:\\\/\\\/www.instagram.com\\\/wuerfelbecher_mit_gravur\\\/\"]},{\"@type\":\"Person\",\"@id\":\"https:\\\/\\\/wuerfel-becher.de\\\/#\\\/schema\\\/person\\\/b0bf433cabdd7e0219bac67dcc571154\",\"name\":\"becher\",\"image\":{\"@type\":\"ImageObject\",\"inLanguage\":\"de\",\"@id\":\"https:\\\/\\\/secure.gravatar.com\\\/avatar\\\/bd3db96f363d3ae9047fb09ff805c2cb02c2d2a66fbeb6839147bb1511148321?s=96&d=mm&r=g\",\"url\":\"https:\\\/\\\/secure.gravatar.com\\\/avatar\\\/bd3db96f363d3ae9047fb09ff805c2cb02c2d2a66fbeb6839147bb1511148321?s=96&d=mm&r=g\",\"contentUrl\":\"https:\\\/\\\/secure.gravatar.com\\\/avatar\\\/bd3db96f363d3ae9047fb09ff805c2cb02c2d2a66fbeb6839147bb1511148321?s=96&d=mm&r=g\",\"caption\":\"becher\"},\"sameAs\":[\"http:\\\/\\\/xn--wrfel-becher-dlb.de\"],\"url\":\"https:\\\/\\\/wuerfel-becher.de\\\/index.php\\\/author\\\/becher\\\/\"}]}<\/script>\n<!-- \/ Yoast SEO plugin. -->","yoast_head_json":{"title":"Widerrufsrecht - W\u00fcrfel-Becher.de","robots":{"index":"index","follow":"follow","max-snippet":"max-snippet:-1","max-image-preview":"max-image-preview:large","max-video-preview":"max-video-preview:-1"},"canonical":"https:\/\/wuerfel-becher.de\/index.php\/rueckerstattung_rueckgaben\/","og_locale":"de_DE","og_type":"article","og_title":"Widerrufsrecht - W\u00fcrfel-Becher.de","og_description":"Widerrufsrecht Vereinbarungen zum Thema Widerruf Das Widerrufsrecht gilt grunds\u00e4tzlich ausschlie\u00dflich f\u00fcr Verbraucher, hierbei im Sinne des \u00a7 13 BGB. Alle, die als Auftraggeber f\u00fcr w\u00fcrfel-becher.de fungieren, kommen die \u00a7\u00a7 355 ff BGB zum Tragen. Die nachstehende Information in der Widerrufsbelehrung ist diesbez\u00fcglich f\u00fcr Sie g\u00fcltig und zu beachten.Widerrufsrecht Die zwischen Ihnen als Auftraggeber und uns &hellip;","og_url":"https:\/\/wuerfel-becher.de\/index.php\/rueckerstattung_rueckgaben\/","og_site_name":"W\u00fcrfel-Becher.de","article_modified_time":"2024-05-21T07:43:23+00:00","twitter_card":"summary_large_image","twitter_misc":{"Gesch\u00e4tzte Lesezeit":"3\u00a0Minuten"},"schema":{"@context":"https:\/\/schema.org","@graph":[{"@type":"Article","@id":"https:\/\/wuerfel-becher.de\/index.php\/rueckerstattung_rueckgaben\/#article","isPartOf":{"@id":"https:\/\/wuerfel-becher.de\/index.php\/rueckerstattung_rueckgaben\/"},"author":{"name":"becher","@id":"https:\/\/wuerfel-becher.de\/#\/schema\/person\/b0bf433cabdd7e0219bac67dcc571154"},"headline":"Widerrufsrecht","datePublished":"2021-10-13T11:34:46+00:00","dateModified":"2024-05-21T07:43:23+00:00","mainEntityOfPage":{"@id":"https:\/\/wuerfel-becher.de\/index.php\/rueckerstattung_rueckgaben\/"},"wordCount":543,"publisher":{"@id":"https:\/\/wuerfel-becher.de\/#organization"},"inLanguage":"de"},{"@type":"WebPage","@id":"https:\/\/wuerfel-becher.de\/index.php\/rueckerstattung_rueckgaben\/","url":"https:\/\/wuerfel-becher.de\/index.php\/rueckerstattung_rueckgaben\/","name":"Widerrufsrecht - W\u00fcrfel-Becher.de","isPartOf":{"@id":"https:\/\/wuerfel-becher.de\/#website"},"datePublished":"2021-10-13T11:34:46+00:00","dateModified":"2024-05-21T07:43:23+00:00","breadcrumb":{"@id":"https:\/\/wuerfel-becher.de\/index.php\/rueckerstattung_rueckgaben\/#breadcrumb"},"inLanguage":"de","potentialAction":[{"@type":"ReadAction","target":["https:\/\/wuerfel-becher.de\/index.php\/rueckerstattung_rueckgaben\/"]}]},{"@type":"BreadcrumbList","@id":"https:\/\/wuerfel-becher.de\/index.php\/rueckerstattung_rueckgaben\/#breadcrumb","itemListElement":[{"@type":"ListItem","position":1,"name":"Startseite","item":"https:\/\/wuerfel-becher.de\/"},{"@type":"ListItem","position":2,"name":"Widerrufsrecht"}]},{"@type":"WebSite","@id":"https:\/\/wuerfel-becher.de\/#website","url":"https:\/\/wuerfel-becher.de\/","name":"W\u00fcrfel-Becher.de","description":"","publisher":{"@id":"https:\/\/wuerfel-becher.de\/#organization"},"potentialAction":[{"@type":"SearchAction","target":{"@type":"EntryPoint","urlTemplate":"https:\/\/wuerfel-becher.de\/?s={search_term_string}"},"query-input":{"@type":"PropertyValueSpecification","valueRequired":true,"valueName":"search_term_string"}}],"inLanguage":"de"},{"@type":"Organization","@id":"https:\/\/wuerfel-becher.de\/#organization","name":"W\u00fcrfel-Becher.de","url":"https:\/\/wuerfel-becher.de\/","logo":{"@type":"ImageObject","inLanguage":"de","@id":"https:\/\/wuerfel-becher.de\/#\/schema\/logo\/image\/","url":"https:\/\/xn--wrfel-becher-dlb.de\/wp-content\/uploads\/2021\/11\/becherlogo.png","contentUrl":"https:\/\/xn--wrfel-becher-dlb.de\/wp-content\/uploads\/2021\/11\/becherlogo.png","width":418,"height":449,"caption":"W\u00fcrfel-Becher.de"},"image":{"@id":"https:\/\/wuerfel-becher.de\/#\/schema\/logo\/image\/"},"sameAs":["https:\/\/www.instagram.com\/wuerfelbecher_mit_gravur\/"]},{"@type":"Person","@id":"https:\/\/wuerfel-becher.de\/#\/schema\/person\/b0bf433cabdd7e0219bac67dcc571154","name":"becher","image":{"@type":"ImageObject","inLanguage":"de","@id":"https:\/\/secure.gravatar.com\/avatar\/bd3db96f363d3ae9047fb09ff805c2cb02c2d2a66fbeb6839147bb1511148321?s=96&d=mm&r=g","url":"https:\/\/secure.gravatar.com\/avatar\/bd3db96f363d3ae9047fb09ff805c2cb02c2d2a66fbeb6839147bb1511148321?s=96&d=mm&r=g","contentUrl":"https:\/\/secure.gravatar.com\/avatar\/bd3db96f363d3ae9047fb09ff805c2cb02c2d2a66fbeb6839147bb1511148321?s=96&d=mm&r=g","caption":"becher"},"sameAs":["http:\/\/xn--wrfel-becher-dlb.de"],"url":"https:\/\/wuerfel-becher.de\/index.php\/author\/becher\/"}]}},"jetpack_sharing_enabled":true,"_links":{"self":[{"href":"https:\/\/wuerfel-becher.de\/index.php\/wp-json\/wp\/v2\/pages\/30","targetHints":{"allow":["GET"]}}],"collection":[{"href":"https:\/\/wuerfel-becher.de\/index.php\/wp-json\/wp\/v2\/pages"}],"about":[{"href":"https:\/\/wuerfel-becher.de\/index.php\/wp-json\/wp\/v2\/types\/page"}],"author":[{"embeddable":true,"href":"https:\/\/wuerfel-becher.de\/index.php\/wp-json\/wp\/v2\/users\/1"}],"replies":[{"embeddable":true,"href":"https:\/\/wuerfel-becher.de\/index.php\/wp-json\/wp\/v2\/comments?post=30"}],"version-history":[{"count":3,"href":"https:\/\/wuerfel-becher.de\/index.php\/wp-json\/wp\/v2\/pages\/30\/revisions"}],"predecessor-version":[{"id":2848,"href":"https:\/\/wuerfel-becher.de\/index.php\/wp-json\/wp\/v2\/pages\/30\/revisions\/2848"}],"wp:attachment":[{"href":"https:\/\/wuerfel-becher.de\/index.php\/wp-json\/wp\/v2\/media?parent=30"}],"curies":[{"name":"wp","href":"https:\/\/api.w.org\/{rel}","templated":true}]}}