{"id":1285,"date":"2022-11-08T10:42:50","date_gmt":"2022-11-08T09:42:50","guid":{"rendered":"https:\/\/xn--wrfel-becher-dlb.de\/?post_type=product&#038;p=1285"},"modified":"2023-11-30T12:07:01","modified_gmt":"2023-11-30T11:07:01","slug":"wuerfel-buntgemischt","status":"publish","type":"product","link":"https:\/\/wuerfel-becher.de\/index.php\/produkt\/wuerfel-buntgemischt\/","title":{"rendered":"W\u00fcrfel"},"content":{"rendered":"<p>Beschreibung:<br \/>\n-100% brandneue hochwertige W\u00fcrfel.<br \/>\n-Material: Acryl.<br \/>\n-Farbe: Rot, Gelb, Dunkelblau, Lila, Orange, Hellgr\u00fcn, Rosa, Apfelgr\u00fcn, Kristall, Himmelblau und Elfenbein Farben.<\/p>\n<p>Gr\u00f6\u00dfe:<br \/>\nDurchmesser: ca. 12-16 mm<\/p>\n<p>Hinweis:<br \/>\nAufgrund der manuellen Messung kann die Gr\u00f6\u00dfe einen Fehler von 1-2 mm aufweisen<\/p>\n","protected":false},"excerpt":{"rendered":"<p>&nbsp;<\/p>\n<ul class=\"a-unordered-list a-vertical a-spacing-mini\">\n<li><span class=\"a-list-item\">Rot, Gelb, Dunkelblau, Lila, Orange, Hellgr\u00fcn, Rosa, Apfelgr\u00fcn, Kristall, Himmelblau und Elfenbein Farben.<\/span><\/li>\n<li><span class=\"a-list-item\">Standard 12-16mm Spielw\u00fcrfel mit abgerundeten Ecken.<\/span><\/li>\n<li>Sollte eine spezielle Farbe gew\u00fcnscht sein, bitte bei der Bestellung als Anmerkung dazu schreiben.<\/li>\n<\/ul>\n","protected":false},"featured_media":1292,"comment_status":"closed","ping_status":"closed","template":"","meta":[],"product_brand":[],"product_cat":[16],"product_tag":[],"class_list":{"0":"post-1285","1":"product","2":"type-product","3":"status-publish","4":"has-post-thumbnail","6":"product_cat-unkategorisiert","8":"first","9":"instock","10":"taxable","11":"shipping-taxable","12":"purchasable","13":"product-type-variable"},"yoast_head":"<!-- This site is optimized with the Yoast SEO plugin v27.4 - https:\/\/yoast.com\/product\/yoast-seo-wordpress\/ -->\n<title>W\u00fcrfel - W\u00fcrfel-Becher.de<\/title>\n<meta name=\"robots\" content=\"index, follow, max-snippet:-1, max-image-preview:large, max-video-preview:-1\" \/>\n<link rel=\"canonical\" href=\"https:\/\/wuerfel-becher.de\/index.php\/produkt\/wuerfel-buntgemischt\/\" \/>\n<meta property=\"og:locale\" content=\"de_DE\" \/>\n<meta property=\"og:type\" content=\"article\" \/>\n<meta property=\"og:title\" content=\"W\u00fcrfel - W\u00fcrfel-Becher.de\" \/>\n<meta property=\"og:description\" content=\"&nbsp;   Rot, Gelb, Dunkelblau, Lila, Orange, Hellgr\u00fcn, Rosa, Apfelgr\u00fcn, Kristall, Himmelblau und Elfenbein Farben.  Standard 12-16mm Spielw\u00fcrfel mit abgerundeten Ecken.  Sollte eine spezielle Farbe gew\u00fcnscht sein, bitte bei der Bestellung als Anmerkung dazu schreiben.\" \/>\n<meta property=\"og:url\" content=\"https:\/\/wuerfel-becher.de\/index.php\/produkt\/wuerfel-buntgemischt\/\" \/>\n<meta property=\"og:site_name\" content=\"W\u00fcrfel-Becher.de\" \/>\n<meta property=\"article:modified_time\" content=\"2023-11-30T11:07:01+00:00\" \/>\n<meta property=\"og:image\" content=\"https:\/\/wuerfel-becher.de\/wp-content\/uploads\/2022\/11\/Screenshot_4.png\" \/>\n\t<meta property=\"og:image:width\" content=\"600\" \/>\n\t<meta property=\"og:image:height\" content=\"907\" \/>\n\t<meta property=\"og:image:type\" content=\"image\/png\" \/>\n<meta name=\"twitter:card\" content=\"summary_large_image\" \/>\n<script type=\"application\/ld+json\" class=\"yoast-schema-graph\">{\"@context\":\"https:\\\/\\\/schema.org\",\"@graph\":[{\"@type\":\"WebPage\",\"@id\":\"https:\\\/\\\/wuerfel-becher.de\\\/index.php\\\/produkt\\\/wuerfel-buntgemischt\\\/\",\"url\":\"https:\\\/\\\/wuerfel-becher.de\\\/index.php\\\/produkt\\\/wuerfel-buntgemischt\\\/\",\"name\":\"W\u00fcrfel - W\u00fcrfel-Becher.de\",\"isPartOf\":{\"@id\":\"https:\\\/\\\/wuerfel-becher.de\\\/#website\"},\"primaryImageOfPage\":{\"@id\":\"https:\\\/\\\/wuerfel-becher.de\\\/index.php\\\/produkt\\\/wuerfel-buntgemischt\\\/#primaryimage\"},\"image\":{\"@id\":\"https:\\\/\\\/wuerfel-becher.de\\\/index.php\\\/produkt\\\/wuerfel-buntgemischt\\\/#primaryimage\"},\"thumbnailUrl\":\"https:\\\/\\\/i0.wp.com\\\/wuerfel-becher.de\\\/wp-content\\\/uploads\\\/2022\\\/11\\\/Screenshot_4.png?fit=600%2C907&ssl=1\",\"datePublished\":\"2022-11-08T09:42:50+00:00\",\"dateModified\":\"2023-11-30T11:07:01+00:00\",\"breadcrumb\":{\"@id\":\"https:\\\/\\\/wuerfel-becher.de\\\/index.php\\\/produkt\\\/wuerfel-buntgemischt\\\/#breadcrumb\"},\"inLanguage\":\"de\",\"potentialAction\":[{\"@type\":\"ReadAction\",\"target\":[\"https:\\\/\\\/wuerfel-becher.de\\\/index.php\\\/produkt\\\/wuerfel-buntgemischt\\\/\"]}]},{\"@type\":\"ImageObject\",\"inLanguage\":\"de\",\"@id\":\"https:\\\/\\\/wuerfel-becher.de\\\/index.php\\\/produkt\\\/wuerfel-buntgemischt\\\/#primaryimage\",\"url\":\"https:\\\/\\\/i0.wp.com\\\/wuerfel-becher.de\\\/wp-content\\\/uploads\\\/2022\\\/11\\\/Screenshot_4.png?fit=600%2C907&ssl=1\",\"contentUrl\":\"https:\\\/\\\/i0.wp.com\\\/wuerfel-becher.de\\\/wp-content\\\/uploads\\\/2022\\\/11\\\/Screenshot_4.png?fit=600%2C907&ssl=1\",\"width\":600,\"height\":907},{\"@type\":\"BreadcrumbList\",\"@id\":\"https:\\\/\\\/wuerfel-becher.de\\\/index.php\\\/produkt\\\/wuerfel-buntgemischt\\\/#breadcrumb\",\"itemListElement\":[{\"@type\":\"ListItem\",\"position\":1,\"name\":\"Startseite\",\"item\":\"https:\\\/\\\/wuerfel-becher.de\\\/\"},{\"@type\":\"ListItem\",\"position\":2,\"name\":\"Shop\",\"item\":\"https:\\\/\\\/wuerfel-becher.de\\\/index.php\\\/shop-fuer-gravierte-wuerfelbecher\\\/\"},{\"@type\":\"ListItem\",\"position\":3,\"name\":\"W\u00fcrfel\"}]},{\"@type\":\"WebSite\",\"@id\":\"https:\\\/\\\/wuerfel-becher.de\\\/#website\",\"url\":\"https:\\\/\\\/wuerfel-becher.de\\\/\",\"name\":\"W\u00fcrfel-Becher.de\",\"description\":\"\",\"publisher\":{\"@id\":\"https:\\\/\\\/wuerfel-becher.de\\\/#organization\"},\"potentialAction\":[{\"@type\":\"SearchAction\",\"target\":{\"@type\":\"EntryPoint\",\"urlTemplate\":\"https:\\\/\\\/wuerfel-becher.de\\\/?s={search_term_string}\"},\"query-input\":{\"@type\":\"PropertyValueSpecification\",\"valueRequired\":true,\"valueName\":\"search_term_string\"}}],\"inLanguage\":\"de\"},{\"@type\":\"Organization\",\"@id\":\"https:\\\/\\\/wuerfel-becher.de\\\/#organization\",\"name\":\"W\u00fcrfel-Becher.de\",\"url\":\"https:\\\/\\\/wuerfel-becher.de\\\/\",\"logo\":{\"@type\":\"ImageObject\",\"inLanguage\":\"de\",\"@id\":\"https:\\\/\\\/wuerfel-becher.de\\\/#\\\/schema\\\/logo\\\/image\\\/\",\"url\":\"https:\\\/\\\/xn--wrfel-becher-dlb.de\\\/wp-content\\\/uploads\\\/2021\\\/11\\\/becherlogo.png\",\"contentUrl\":\"https:\\\/\\\/xn--wrfel-becher-dlb.de\\\/wp-content\\\/uploads\\\/2021\\\/11\\\/becherlogo.png\",\"width\":418,\"height\":449,\"caption\":\"W\u00fcrfel-Becher.de\"},\"image\":{\"@id\":\"https:\\\/\\\/wuerfel-becher.de\\\/#\\\/schema\\\/logo\\\/image\\\/\"},\"sameAs\":[\"https:\\\/\\\/www.instagram.com\\\/wuerfelbecher_mit_gravur\\\/\"]}]}<\/script>\n<!-- \/ Yoast SEO plugin. -->","yoast_head_json":{"title":"W\u00fcrfel - W\u00fcrfel-Becher.de","robots":{"index":"index","follow":"follow","max-snippet":"max-snippet:-1","max-image-preview":"max-image-preview:large","max-video-preview":"max-video-preview:-1"},"canonical":"https:\/\/wuerfel-becher.de\/index.php\/produkt\/wuerfel-buntgemischt\/","og_locale":"de_DE","og_type":"article","og_title":"W\u00fcrfel - W\u00fcrfel-Becher.de","og_description":"&nbsp;   Rot, Gelb, Dunkelblau, Lila, Orange, Hellgr\u00fcn, Rosa, Apfelgr\u00fcn, Kristall, Himmelblau und Elfenbein Farben.  Standard 12-16mm Spielw\u00fcrfel mit abgerundeten Ecken.  Sollte eine spezielle Farbe gew\u00fcnscht sein, bitte bei der Bestellung als Anmerkung dazu schreiben.","og_url":"https:\/\/wuerfel-becher.de\/index.php\/produkt\/wuerfel-buntgemischt\/","og_site_name":"W\u00fcrfel-Becher.de","article_modified_time":"2023-11-30T11:07:01+00:00","og_image":[{"width":600,"height":907,"url":"https:\/\/wuerfel-becher.de\/wp-content\/uploads\/2022\/11\/Screenshot_4.png","type":"image\/png"}],"twitter_card":"summary_large_image","schema":{"@context":"https:\/\/schema.org","@graph":[{"@type":"WebPage","@id":"https:\/\/wuerfel-becher.de\/index.php\/produkt\/wuerfel-buntgemischt\/","url":"https:\/\/wuerfel-becher.de\/index.php\/produkt\/wuerfel-buntgemischt\/","name":"W\u00fcrfel - W\u00fcrfel-Becher.de","isPartOf":{"@id":"https:\/\/wuerfel-becher.de\/#website"},"primaryImageOfPage":{"@id":"https:\/\/wuerfel-becher.de\/index.php\/produkt\/wuerfel-buntgemischt\/#primaryimage"},"image":{"@id":"https:\/\/wuerfel-becher.de\/index.php\/produkt\/wuerfel-buntgemischt\/#primaryimage"},"thumbnailUrl":"https:\/\/i0.wp.com\/wuerfel-becher.de\/wp-content\/uploads\/2022\/11\/Screenshot_4.png?fit=600%2C907&ssl=1","datePublished":"2022-11-08T09:42:50+00:00","dateModified":"2023-11-30T11:07:01+00:00","breadcrumb":{"@id":"https:\/\/wuerfel-becher.de\/index.php\/produkt\/wuerfel-buntgemischt\/#breadcrumb"},"inLanguage":"de","potentialAction":[{"@type":"ReadAction","target":["https:\/\/wuerfel-becher.de\/index.php\/produkt\/wuerfel-buntgemischt\/"]}]},{"@type":"ImageObject","inLanguage":"de","@id":"https:\/\/wuerfel-becher.de\/index.php\/produkt\/wuerfel-buntgemischt\/#primaryimage","url":"https:\/\/i0.wp.com\/wuerfel-becher.de\/wp-content\/uploads\/2022\/11\/Screenshot_4.png?fit=600%2C907&ssl=1","contentUrl":"https:\/\/i0.wp.com\/wuerfel-becher.de\/wp-content\/uploads\/2022\/11\/Screenshot_4.png?fit=600%2C907&ssl=1","width":600,"height":907},{"@type":"BreadcrumbList","@id":"https:\/\/wuerfel-becher.de\/index.php\/produkt\/wuerfel-buntgemischt\/#breadcrumb","itemListElement":[{"@type":"ListItem","position":1,"name":"Startseite","item":"https:\/\/wuerfel-becher.de\/"},{"@type":"ListItem","position":2,"name":"Shop","item":"https:\/\/wuerfel-becher.de\/index.php\/shop-fuer-gravierte-wuerfelbecher\/"},{"@type":"ListItem","position":3,"name":"W\u00fcrfel"}]},{"@type":"WebSite","@id":"https:\/\/wuerfel-becher.de\/#website","url":"https:\/\/wuerfel-becher.de\/","name":"W\u00fcrfel-Becher.de","description":"","publisher":{"@id":"https:\/\/wuerfel-becher.de\/#organization"},"potentialAction":[{"@type":"SearchAction","target":{"@type":"EntryPoint","urlTemplate":"https:\/\/wuerfel-becher.de\/?s={search_term_string}"},"query-input":{"@type":"PropertyValueSpecification","valueRequired":true,"valueName":"search_term_string"}}],"inLanguage":"de"},{"@type":"Organization","@id":"https:\/\/wuerfel-becher.de\/#organization","name":"W\u00fcrfel-Becher.de","url":"https:\/\/wuerfel-becher.de\/","logo":{"@type":"ImageObject","inLanguage":"de","@id":"https:\/\/wuerfel-becher.de\/#\/schema\/logo\/image\/","url":"https:\/\/xn--wrfel-becher-dlb.de\/wp-content\/uploads\/2021\/11\/becherlogo.png","contentUrl":"https:\/\/xn--wrfel-becher-dlb.de\/wp-content\/uploads\/2021\/11\/becherlogo.png","width":418,"height":449,"caption":"W\u00fcrfel-Becher.de"},"image":{"@id":"https:\/\/wuerfel-becher.de\/#\/schema\/logo\/image\/"},"sameAs":["https:\/\/www.instagram.com\/wuerfelbecher_mit_gravur\/"]}]}},"jetpack_sharing_enabled":true,"_links":{"self":[{"href":"https:\/\/wuerfel-becher.de\/index.php\/wp-json\/wp\/v2\/product\/1285","targetHints":{"allow":["GET"]}}],"collection":[{"href":"https:\/\/wuerfel-becher.de\/index.php\/wp-json\/wp\/v2\/product"}],"about":[{"href":"https:\/\/wuerfel-becher.de\/index.php\/wp-json\/wp\/v2\/types\/product"}],"replies":[{"embeddable":true,"href":"https:\/\/wuerfel-becher.de\/index.php\/wp-json\/wp\/v2\/comments?post=1285"}],"wp:featuredmedia":[{"embeddable":true,"href":"https:\/\/wuerfel-becher.de\/index.php\/wp-json\/wp\/v2\/media\/1292"}],"wp:attachment":[{"href":"https:\/\/wuerfel-becher.de\/index.php\/wp-json\/wp\/v2\/media?parent=1285"}],"wp:term":[{"taxonomy":"product_brand","embeddable":true,"href":"https:\/\/wuerfel-becher.de\/index.php\/wp-json\/wp\/v2\/product_brand?post=1285"},{"taxonomy":"product_cat","embeddable":true,"href":"https:\/\/wuerfel-becher.de\/index.php\/wp-json\/wp\/v2\/product_cat?post=1285"},{"taxonomy":"product_tag","embeddable":true,"href":"https:\/\/wuerfel-becher.de\/index.php\/wp-json\/wp\/v2\/product_tag?post=1285"}],"curies":[{"name":"wp","href":"https:\/\/api.w.org\/{rel}","templated":true}]}}