{"id":1428,"date":"2022-11-10T12:18:08","date_gmt":"2022-11-10T11:18:08","guid":{"rendered":"https:\/\/xn--wrfel-becher-dlb.de\/?post_type=product&#038;p=1428"},"modified":"2022-11-10T12:34:55","modified_gmt":"2022-11-10T11:34:55","slug":"schnapsglas-partyglas-mit-gravur","status":"publish","type":"product","link":"https:\/\/wuerfel-becher.de\/index.php\/produkt\/schnapsglas-partyglas-mit-gravur\/","title":{"rendered":"Schnapsglas Partyglas mit Gravur"},"content":{"rendered":"<p><img data-recalc-dims=\"1\" loading=\"lazy\" decoding=\"async\" class=\"alignleft wp-image-1028 size-large\" src=\"https:\/\/i0.wp.com\/xn--wrfel-becher-dlb.de\/wp-content\/uploads\/2021\/10\/wasgravierenwir-1024x683.jpg?resize=925%2C617&#038;ssl=1\" alt=\"wie\" width=\"925\" height=\"617\" srcset=\"https:\/\/i0.wp.com\/wuerfel-becher.de\/wp-content\/uploads\/2021\/10\/wasgravierenwir.jpg?resize=1024%2C683&amp;ssl=1 1024w, https:\/\/i0.wp.com\/wuerfel-becher.de\/wp-content\/uploads\/2021\/10\/wasgravierenwir.jpg?resize=300%2C200&amp;ssl=1 300w, https:\/\/i0.wp.com\/wuerfel-becher.de\/wp-content\/uploads\/2021\/10\/wasgravierenwir.jpg?resize=768%2C512&amp;ssl=1 768w, https:\/\/i0.wp.com\/wuerfel-becher.de\/wp-content\/uploads\/2021\/10\/wasgravierenwir.jpg?resize=90%2C60&amp;ssl=1 90w, https:\/\/i0.wp.com\/wuerfel-becher.de\/wp-content\/uploads\/2021\/10\/wasgravierenwir.jpg?resize=500%2C333&amp;ssl=1 500w, https:\/\/i0.wp.com\/wuerfel-becher.de\/wp-content\/uploads\/2021\/10\/wasgravierenwir.jpg?resize=135%2C90&amp;ssl=1 135w, https:\/\/i0.wp.com\/wuerfel-becher.de\/wp-content\/uploads\/2021\/10\/wasgravierenwir.jpg?w=1200&amp;ssl=1 1200w\" sizes=\"auto, (max-width: 925px) 100vw, 925px\" \/><\/p>\n<p>&nbsp;<\/p>\n<p>&nbsp;<\/p>\n<p>&nbsp;<\/p>\n<p>&nbsp;<\/p>\n<p>&nbsp;<\/p>\n<p>&nbsp;<\/p>\n<p>&nbsp;<\/p>\n<p>&nbsp;<\/p>\n<p>&nbsp;<\/p>\n<p>&nbsp;<\/p>\n<p>&nbsp;<\/p>\n<p>&nbsp;<\/p>\n<p>&nbsp;<\/p>\n<p>&nbsp;<\/p>\n<p>&nbsp;<\/p>\n<p>&nbsp;<\/p>\n<p>Schnapsglas zum freien gestalten mit Ihrem Motiv.<br \/>\nDer Schnapsglas hat folgende Gr\u00f6\u00dfe:<br \/>\n\u00d6ffnung oben ca. 35mm Boden unten ca. 60mm H\u00f6he ca. 50mm<br \/>\nDie Gravur erfolgen mit einem CO\u00b2 Laser.<br \/>\nAuf dem Bauteil kann es zu Staubablagerungen kommen.<br \/>\nGravuren auf Glas werden Milchig und niemals Farbig. Siehe Bsp. Bild<br \/>\nDie Einstellung im Konfigurator f\u00fcr die Farbe dient nur der besseren Darstellung!<br \/>\nF\u00fcr die Gravur eines Bildes ben\u00f6tigen wir von Ihnen eine Datei im<br \/>\nFormat .jpg, .pdf, .png oder .tif und einer empfholenen Aufl\u00f6sung von 300 dpi.<\/p>\n","protected":false},"excerpt":{"rendered":"<p>Um Ihr Schnapsglas individuell zu gestalten benutzen sie unseren Konfigurator.<br \/>\nDie Gravur\u00a0erfolgen\u00a0mit einem CO\u00b2 Laser.<br \/>\nAuf dem Bauteil kann es zu Staubablagerungen kommen.<br \/>\nGravuren auf Glas werden Milchig und niemals Farbig. Siehe Bsp. Bild<\/p>\n<p><strong><span style=\"color: green;\">Lieferzeit 1-3 Tage<\/span><\/strong><\/p>\n<p><strong>Bitte nicht vergessen die Position der Gravur im Konfigurator zu w\u00e4hlen<\/strong><\/p>\n","protected":false},"featured_media":1432,"comment_status":"closed","ping_status":"closed","template":"","meta":[],"product_brand":[],"product_cat":[16],"product_tag":[],"class_list":{"0":"post-1428","1":"product","2":"type-product","3":"status-publish","4":"has-post-thumbnail","6":"product_cat-unkategorisiert","8":"first","9":"instock","10":"taxable","11":"shipping-taxable","12":"purchasable","13":"product-type-variable"},"yoast_head":"<!-- This site is optimized with the Yoast SEO plugin v27.4 - https:\/\/yoast.com\/product\/yoast-seo-wordpress\/ -->\n<title>Schnapsglas Partyglas mit Gravur - Gravur Individuell LaserGravur W\u00fcrfel Zubeh\u00f6r %<\/title>\n<meta name=\"description\" content=\"Natur Leder W\u00fcrfelbecher zum freien gestalten mit Ihrem Motiv. Benutzen sie unseren Konfigurator.\" \/>\n<meta name=\"robots\" content=\"index, follow, max-snippet:-1, max-image-preview:large, max-video-preview:-1\" \/>\n<link rel=\"canonical\" href=\"https:\/\/wuerfel-becher.de\/index.php\/produkt\/schnapsglas-partyglas-mit-gravur\/\" \/>\n<meta property=\"og:locale\" content=\"de_DE\" \/>\n<meta property=\"og:type\" content=\"article\" \/>\n<meta property=\"og:title\" content=\"Schnapsglas Partyglas mit Gravur - Gravur Individuell LaserGravur W\u00fcrfel Zubeh\u00f6r %\" \/>\n<meta property=\"og:description\" content=\"Natur Leder W\u00fcrfelbecher zum freien gestalten mit Ihrem Motiv. Benutzen sie unseren Konfigurator.\" \/>\n<meta property=\"og:url\" content=\"https:\/\/wuerfel-becher.de\/index.php\/produkt\/schnapsglas-partyglas-mit-gravur\/\" \/>\n<meta property=\"og:site_name\" content=\"W\u00fcrfel-Becher.de\" \/>\n<meta property=\"article:modified_time\" content=\"2022-11-10T11:34:55+00:00\" \/>\n<meta property=\"og:image\" content=\"https:\/\/wuerfel-becher.de\/wp-content\/uploads\/2022\/11\/schnaps.png\" \/>\n\t<meta property=\"og:image:width\" content=\"384\" \/>\n\t<meta property=\"og:image:height\" content=\"329\" \/>\n\t<meta property=\"og:image:type\" content=\"image\/png\" \/>\n<meta name=\"twitter:card\" content=\"summary_large_image\" \/>\n<meta name=\"twitter:label1\" content=\"Gesch\u00e4tzte Lesezeit\" \/>\n\t<meta name=\"twitter:data1\" content=\"1\u00a0Minute\" \/>\n<script type=\"application\/ld+json\" class=\"yoast-schema-graph\">{\"@context\":\"https:\\\/\\\/schema.org\",\"@graph\":[{\"@type\":\"WebPage\",\"@id\":\"https:\\\/\\\/wuerfel-becher.de\\\/index.php\\\/produkt\\\/schnapsglas-partyglas-mit-gravur\\\/\",\"url\":\"https:\\\/\\\/wuerfel-becher.de\\\/index.php\\\/produkt\\\/schnapsglas-partyglas-mit-gravur\\\/\",\"name\":\"Schnapsglas Partyglas mit Gravur - Gravur Individuell LaserGravur W\u00fcrfel Zubeh\u00f6r %\",\"isPartOf\":{\"@id\":\"https:\\\/\\\/wuerfel-becher.de\\\/#website\"},\"primaryImageOfPage\":{\"@id\":\"https:\\\/\\\/wuerfel-becher.de\\\/index.php\\\/produkt\\\/schnapsglas-partyglas-mit-gravur\\\/#primaryimage\"},\"image\":{\"@id\":\"https:\\\/\\\/wuerfel-becher.de\\\/index.php\\\/produkt\\\/schnapsglas-partyglas-mit-gravur\\\/#primaryimage\"},\"thumbnailUrl\":\"https:\\\/\\\/i0.wp.com\\\/wuerfel-becher.de\\\/wp-content\\\/uploads\\\/2022\\\/11\\\/schnaps.png?fit=384%2C329&ssl=1\",\"datePublished\":\"2022-11-10T11:18:08+00:00\",\"dateModified\":\"2022-11-10T11:34:55+00:00\",\"description\":\"Natur Leder W\u00fcrfelbecher zum freien gestalten mit Ihrem Motiv. Benutzen sie unseren Konfigurator.\",\"breadcrumb\":{\"@id\":\"https:\\\/\\\/wuerfel-becher.de\\\/index.php\\\/produkt\\\/schnapsglas-partyglas-mit-gravur\\\/#breadcrumb\"},\"inLanguage\":\"de\",\"potentialAction\":[{\"@type\":\"ReadAction\",\"target\":[\"https:\\\/\\\/wuerfel-becher.de\\\/index.php\\\/produkt\\\/schnapsglas-partyglas-mit-gravur\\\/\"]}]},{\"@type\":\"ImageObject\",\"inLanguage\":\"de\",\"@id\":\"https:\\\/\\\/wuerfel-becher.de\\\/index.php\\\/produkt\\\/schnapsglas-partyglas-mit-gravur\\\/#primaryimage\",\"url\":\"https:\\\/\\\/i0.wp.com\\\/wuerfel-becher.de\\\/wp-content\\\/uploads\\\/2022\\\/11\\\/schnaps.png?fit=384%2C329&ssl=1\",\"contentUrl\":\"https:\\\/\\\/i0.wp.com\\\/wuerfel-becher.de\\\/wp-content\\\/uploads\\\/2022\\\/11\\\/schnaps.png?fit=384%2C329&ssl=1\",\"width\":384,\"height\":329},{\"@type\":\"BreadcrumbList\",\"@id\":\"https:\\\/\\\/wuerfel-becher.de\\\/index.php\\\/produkt\\\/schnapsglas-partyglas-mit-gravur\\\/#breadcrumb\",\"itemListElement\":[{\"@type\":\"ListItem\",\"position\":1,\"name\":\"Startseite\",\"item\":\"https:\\\/\\\/wuerfel-becher.de\\\/\"},{\"@type\":\"ListItem\",\"position\":2,\"name\":\"Shop\",\"item\":\"https:\\\/\\\/wuerfel-becher.de\\\/index.php\\\/shop-fuer-gravierte-wuerfelbecher\\\/\"},{\"@type\":\"ListItem\",\"position\":3,\"name\":\"Schnapsglas Partyglas mit Gravur\"}]},{\"@type\":\"WebSite\",\"@id\":\"https:\\\/\\\/wuerfel-becher.de\\\/#website\",\"url\":\"https:\\\/\\\/wuerfel-becher.de\\\/\",\"name\":\"W\u00fcrfel-Becher.de\",\"description\":\"\",\"publisher\":{\"@id\":\"https:\\\/\\\/wuerfel-becher.de\\\/#organization\"},\"potentialAction\":[{\"@type\":\"SearchAction\",\"target\":{\"@type\":\"EntryPoint\",\"urlTemplate\":\"https:\\\/\\\/wuerfel-becher.de\\\/?s={search_term_string}\"},\"query-input\":{\"@type\":\"PropertyValueSpecification\",\"valueRequired\":true,\"valueName\":\"search_term_string\"}}],\"inLanguage\":\"de\"},{\"@type\":\"Organization\",\"@id\":\"https:\\\/\\\/wuerfel-becher.de\\\/#organization\",\"name\":\"W\u00fcrfel-Becher.de\",\"url\":\"https:\\\/\\\/wuerfel-becher.de\\\/\",\"logo\":{\"@type\":\"ImageObject\",\"inLanguage\":\"de\",\"@id\":\"https:\\\/\\\/wuerfel-becher.de\\\/#\\\/schema\\\/logo\\\/image\\\/\",\"url\":\"https:\\\/\\\/xn--wrfel-becher-dlb.de\\\/wp-content\\\/uploads\\\/2021\\\/11\\\/becherlogo.png\",\"contentUrl\":\"https:\\\/\\\/xn--wrfel-becher-dlb.de\\\/wp-content\\\/uploads\\\/2021\\\/11\\\/becherlogo.png\",\"width\":418,\"height\":449,\"caption\":\"W\u00fcrfel-Becher.de\"},\"image\":{\"@id\":\"https:\\\/\\\/wuerfel-becher.de\\\/#\\\/schema\\\/logo\\\/image\\\/\"},\"sameAs\":[\"https:\\\/\\\/www.instagram.com\\\/wuerfelbecher_mit_gravur\\\/\"]}]}<\/script>\n<!-- \/ Yoast SEO plugin. -->","yoast_head_json":{"title":"Schnapsglas Partyglas mit Gravur - Gravur Individuell LaserGravur W\u00fcrfel Zubeh\u00f6r %","description":"Natur Leder W\u00fcrfelbecher zum freien gestalten mit Ihrem Motiv. Benutzen sie unseren Konfigurator.","robots":{"index":"index","follow":"follow","max-snippet":"max-snippet:-1","max-image-preview":"max-image-preview:large","max-video-preview":"max-video-preview:-1"},"canonical":"https:\/\/wuerfel-becher.de\/index.php\/produkt\/schnapsglas-partyglas-mit-gravur\/","og_locale":"de_DE","og_type":"article","og_title":"Schnapsglas Partyglas mit Gravur - Gravur Individuell LaserGravur W\u00fcrfel Zubeh\u00f6r %","og_description":"Natur Leder W\u00fcrfelbecher zum freien gestalten mit Ihrem Motiv. Benutzen sie unseren Konfigurator.","og_url":"https:\/\/wuerfel-becher.de\/index.php\/produkt\/schnapsglas-partyglas-mit-gravur\/","og_site_name":"W\u00fcrfel-Becher.de","article_modified_time":"2022-11-10T11:34:55+00:00","og_image":[{"width":384,"height":329,"url":"https:\/\/wuerfel-becher.de\/wp-content\/uploads\/2022\/11\/schnaps.png","type":"image\/png"}],"twitter_card":"summary_large_image","twitter_misc":{"Gesch\u00e4tzte Lesezeit":"1\u00a0Minute"},"schema":{"@context":"https:\/\/schema.org","@graph":[{"@type":"WebPage","@id":"https:\/\/wuerfel-becher.de\/index.php\/produkt\/schnapsglas-partyglas-mit-gravur\/","url":"https:\/\/wuerfel-becher.de\/index.php\/produkt\/schnapsglas-partyglas-mit-gravur\/","name":"Schnapsglas Partyglas mit Gravur - Gravur Individuell LaserGravur W\u00fcrfel Zubeh\u00f6r %","isPartOf":{"@id":"https:\/\/wuerfel-becher.de\/#website"},"primaryImageOfPage":{"@id":"https:\/\/wuerfel-becher.de\/index.php\/produkt\/schnapsglas-partyglas-mit-gravur\/#primaryimage"},"image":{"@id":"https:\/\/wuerfel-becher.de\/index.php\/produkt\/schnapsglas-partyglas-mit-gravur\/#primaryimage"},"thumbnailUrl":"https:\/\/i0.wp.com\/wuerfel-becher.de\/wp-content\/uploads\/2022\/11\/schnaps.png?fit=384%2C329&ssl=1","datePublished":"2022-11-10T11:18:08+00:00","dateModified":"2022-11-10T11:34:55+00:00","description":"Natur Leder W\u00fcrfelbecher zum freien gestalten mit Ihrem Motiv. Benutzen sie unseren Konfigurator.","breadcrumb":{"@id":"https:\/\/wuerfel-becher.de\/index.php\/produkt\/schnapsglas-partyglas-mit-gravur\/#breadcrumb"},"inLanguage":"de","potentialAction":[{"@type":"ReadAction","target":["https:\/\/wuerfel-becher.de\/index.php\/produkt\/schnapsglas-partyglas-mit-gravur\/"]}]},{"@type":"ImageObject","inLanguage":"de","@id":"https:\/\/wuerfel-becher.de\/index.php\/produkt\/schnapsglas-partyglas-mit-gravur\/#primaryimage","url":"https:\/\/i0.wp.com\/wuerfel-becher.de\/wp-content\/uploads\/2022\/11\/schnaps.png?fit=384%2C329&ssl=1","contentUrl":"https:\/\/i0.wp.com\/wuerfel-becher.de\/wp-content\/uploads\/2022\/11\/schnaps.png?fit=384%2C329&ssl=1","width":384,"height":329},{"@type":"BreadcrumbList","@id":"https:\/\/wuerfel-becher.de\/index.php\/produkt\/schnapsglas-partyglas-mit-gravur\/#breadcrumb","itemListElement":[{"@type":"ListItem","position":1,"name":"Startseite","item":"https:\/\/wuerfel-becher.de\/"},{"@type":"ListItem","position":2,"name":"Shop","item":"https:\/\/wuerfel-becher.de\/index.php\/shop-fuer-gravierte-wuerfelbecher\/"},{"@type":"ListItem","position":3,"name":"Schnapsglas Partyglas mit Gravur"}]},{"@type":"WebSite","@id":"https:\/\/wuerfel-becher.de\/#website","url":"https:\/\/wuerfel-becher.de\/","name":"W\u00fcrfel-Becher.de","description":"","publisher":{"@id":"https:\/\/wuerfel-becher.de\/#organization"},"potentialAction":[{"@type":"SearchAction","target":{"@type":"EntryPoint","urlTemplate":"https:\/\/wuerfel-becher.de\/?s={search_term_string}"},"query-input":{"@type":"PropertyValueSpecification","valueRequired":true,"valueName":"search_term_string"}}],"inLanguage":"de"},{"@type":"Organization","@id":"https:\/\/wuerfel-becher.de\/#organization","name":"W\u00fcrfel-Becher.de","url":"https:\/\/wuerfel-becher.de\/","logo":{"@type":"ImageObject","inLanguage":"de","@id":"https:\/\/wuerfel-becher.de\/#\/schema\/logo\/image\/","url":"https:\/\/xn--wrfel-becher-dlb.de\/wp-content\/uploads\/2021\/11\/becherlogo.png","contentUrl":"https:\/\/xn--wrfel-becher-dlb.de\/wp-content\/uploads\/2021\/11\/becherlogo.png","width":418,"height":449,"caption":"W\u00fcrfel-Becher.de"},"image":{"@id":"https:\/\/wuerfel-becher.de\/#\/schema\/logo\/image\/"},"sameAs":["https:\/\/www.instagram.com\/wuerfelbecher_mit_gravur\/"]}]}},"jetpack_sharing_enabled":true,"_links":{"self":[{"href":"https:\/\/wuerfel-becher.de\/index.php\/wp-json\/wp\/v2\/product\/1428","targetHints":{"allow":["GET"]}}],"collection":[{"href":"https:\/\/wuerfel-becher.de\/index.php\/wp-json\/wp\/v2\/product"}],"about":[{"href":"https:\/\/wuerfel-becher.de\/index.php\/wp-json\/wp\/v2\/types\/product"}],"replies":[{"embeddable":true,"href":"https:\/\/wuerfel-becher.de\/index.php\/wp-json\/wp\/v2\/comments?post=1428"}],"wp:featuredmedia":[{"embeddable":true,"href":"https:\/\/wuerfel-becher.de\/index.php\/wp-json\/wp\/v2\/media\/1432"}],"wp:attachment":[{"href":"https:\/\/wuerfel-becher.de\/index.php\/wp-json\/wp\/v2\/media?parent=1428"}],"wp:term":[{"taxonomy":"product_brand","embeddable":true,"href":"https:\/\/wuerfel-becher.de\/index.php\/wp-json\/wp\/v2\/product_brand?post=1428"},{"taxonomy":"product_cat","embeddable":true,"href":"https:\/\/wuerfel-becher.de\/index.php\/wp-json\/wp\/v2\/product_cat?post=1428"},{"taxonomy":"product_tag","embeddable":true,"href":"https:\/\/wuerfel-becher.de\/index.php\/wp-json\/wp\/v2\/product_tag?post=1428"}],"curies":[{"name":"wp","href":"https:\/\/api.w.org\/{rel}","templated":true}]}}