{"id":165,"date":"2021-10-07T11:24:12","date_gmt":"2021-10-07T09:24:12","guid":{"rendered":"https:\/\/xn--wrfel-becher-dlb.de\/?post_type=product&#038;p=165"},"modified":"2023-06-26T11:26:02","modified_gmt":"2023-06-26T09:26:02","slug":"wuerfel-mit-gravur","status":"publish","type":"product","link":"https:\/\/wuerfel-becher.de\/index.php\/produkt\/wuerfel-mit-gravur\/","title":{"rendered":"Holzw\u00fcrfel"},"content":{"rendered":"<p>W\u00fcrfel aus massiven Buche Hartholz.<br \/>\nDie Ma\u00dfe des W\u00fcrfels betragen ca. 16 x 16 x 16mm mit abgerundeten Ecken.<br \/>\nDie Gravur erfolgen mit einem CO\u00b2 Laser.<br \/>\nAuf dem Bauteil kann es zu Staubablagerungen kommen.<br \/>\nGravuren auf Holz werden dunkel-Braun bzw. Schwarz und niemals Farbig. Siehe Bsp. Bild<br \/>\nDie Einstellung im Konfigurator f\u00fcr die Farbe dient nur der besseren Darstellung!<br \/>\nF\u00fcr die Gravur eines Bildes ben\u00f6tigen wir von Ihnen eine Datei im<br \/>\nFormat .jpg, .pdf, .png oder .tif und einer empfholenen Aufl\u00f6sung von 300 dpi.<\/p>\n<p>Dazu noch ein individuell gravierter W\u00fcrfelbecher? Bei uns im Shop.<\/p>\n","protected":false},"excerpt":{"rendered":"<p>Diese Holzw\u00fcrfel blanko sind ideal zum Gravieren mit verschiedenen Motiven.<br \/>\nDer W\u00fcrfel besteht aus massiven Buche Hartholz und hat abgerundete Ecken.<br \/>\nDie Ma\u00dfe sind ca. 16 x 16 x 16mm. Nach der Gravur mit einem Co2 Laser wird der W\u00fcrfel mit einem Schutzlack versehen.<br \/>\nHolz ist ein Naturprodukt die Oberfl\u00e4che und Farbe des W\u00fcrfels und der Gravur k\u00f6nnen abweichen.<br \/>\nAchten Sie darauf das das Motiv nicht zu detailliert wird oder die Schrift zu klein.<\/p>\n<p>Lieferzeit 3-5 Tage<br \/>\n<strong>Bitte nicht vergessen die Position der Gravur im Konfigurator zu w\u00e4hlen!<br \/>\nJede Seite die nicht mit einem eigenen Motiv gestaltet wurde, erh\u00e4lt die Punkte eines normalen W\u00fcrfels (Siehe Vorlage im Konfigurator).<\/strong><\/p>\n","protected":false},"featured_media":2203,"comment_status":"closed","ping_status":"closed","template":"","meta":[],"product_brand":[],"product_cat":[16],"product_tag":[],"class_list":{"0":"post-165","1":"product","2":"type-product","3":"status-publish","4":"has-post-thumbnail","6":"product_cat-unkategorisiert","8":"first","9":"instock","10":"taxable","11":"shipping-taxable","12":"purchasable","13":"product-type-variable","14":"has-default-attributes"},"yoast_head":"<!-- This site is optimized with the Yoast SEO plugin v27.4 - https:\/\/yoast.com\/product\/yoast-seo-wordpress\/ -->\n<title>Holzw\u00fcrfel - W\u00fcrfel-Becher.de W\u00fcrfel mit Gravur<\/title>\n<meta name=\"description\" content=\"Wuerfel-becher.de Diese Holzw\u00fcrfel blanko sind ideal zum Gravieren mit verschiedenen Motiven. Die Ma\u00dfe sind ca. 16 x 16 x 16mm.\" \/>\n<meta name=\"robots\" content=\"index, follow, max-snippet:-1, max-image-preview:large, max-video-preview:-1\" \/>\n<link rel=\"canonical\" href=\"https:\/\/wuerfel-becher.de\/index.php\/produkt\/wuerfel-mit-gravur\/\" \/>\n<meta property=\"og:locale\" content=\"de_DE\" \/>\n<meta property=\"og:type\" content=\"article\" \/>\n<meta property=\"og:title\" content=\"Holzw\u00fcrfel - W\u00fcrfel-Becher.de W\u00fcrfel mit Gravur\" \/>\n<meta property=\"og:description\" content=\"Wuerfel-becher.de Diese Holzw\u00fcrfel blanko sind ideal zum Gravieren mit verschiedenen Motiven. Die Ma\u00dfe sind ca. 16 x 16 x 16mm.\" \/>\n<meta property=\"og:url\" content=\"https:\/\/wuerfel-becher.de\/index.php\/produkt\/wuerfel-mit-gravur\/\" \/>\n<meta property=\"og:site_name\" content=\"W\u00fcrfel-Becher.de\" \/>\n<meta property=\"article:modified_time\" content=\"2023-06-26T09:26:02+00:00\" \/>\n<meta property=\"og:image\" content=\"https:\/\/i0.wp.com\/wuerfel-becher.de\/wp-content\/uploads\/2021\/10\/titelbildw2.png?fit=600%2C502&ssl=1\" \/>\n\t<meta property=\"og:image:width\" content=\"600\" \/>\n\t<meta property=\"og:image:height\" content=\"502\" \/>\n\t<meta property=\"og:image:type\" content=\"image\/png\" \/>\n<meta name=\"twitter:card\" content=\"summary_large_image\" \/>\n<script type=\"application\/ld+json\" class=\"yoast-schema-graph\">{\"@context\":\"https:\\\/\\\/schema.org\",\"@graph\":[{\"@type\":\"WebPage\",\"@id\":\"https:\\\/\\\/wuerfel-becher.de\\\/index.php\\\/produkt\\\/wuerfel-mit-gravur\\\/\",\"url\":\"https:\\\/\\\/wuerfel-becher.de\\\/index.php\\\/produkt\\\/wuerfel-mit-gravur\\\/\",\"name\":\"Holzw\u00fcrfel - W\u00fcrfel-Becher.de W\u00fcrfel mit Gravur\",\"isPartOf\":{\"@id\":\"https:\\\/\\\/wuerfel-becher.de\\\/#website\"},\"primaryImageOfPage\":{\"@id\":\"https:\\\/\\\/wuerfel-becher.de\\\/index.php\\\/produkt\\\/wuerfel-mit-gravur\\\/#primaryimage\"},\"image\":{\"@id\":\"https:\\\/\\\/wuerfel-becher.de\\\/index.php\\\/produkt\\\/wuerfel-mit-gravur\\\/#primaryimage\"},\"thumbnailUrl\":\"https:\\\/\\\/i0.wp.com\\\/wuerfel-becher.de\\\/wp-content\\\/uploads\\\/2021\\\/10\\\/titelbildw2.png?fit=600%2C502&ssl=1\",\"datePublished\":\"2021-10-07T09:24:12+00:00\",\"dateModified\":\"2023-06-26T09:26:02+00:00\",\"description\":\"Wuerfel-becher.de Diese Holzw\u00fcrfel blanko sind ideal zum Gravieren mit verschiedenen Motiven. Die Ma\u00dfe sind ca. 16 x 16 x 16mm.\",\"breadcrumb\":{\"@id\":\"https:\\\/\\\/wuerfel-becher.de\\\/index.php\\\/produkt\\\/wuerfel-mit-gravur\\\/#breadcrumb\"},\"inLanguage\":\"de\",\"potentialAction\":[{\"@type\":\"ReadAction\",\"target\":[\"https:\\\/\\\/wuerfel-becher.de\\\/index.php\\\/produkt\\\/wuerfel-mit-gravur\\\/\"]}]},{\"@type\":\"ImageObject\",\"inLanguage\":\"de\",\"@id\":\"https:\\\/\\\/wuerfel-becher.de\\\/index.php\\\/produkt\\\/wuerfel-mit-gravur\\\/#primaryimage\",\"url\":\"https:\\\/\\\/i0.wp.com\\\/wuerfel-becher.de\\\/wp-content\\\/uploads\\\/2021\\\/10\\\/titelbildw2.png?fit=600%2C502&ssl=1\",\"contentUrl\":\"https:\\\/\\\/i0.wp.com\\\/wuerfel-becher.de\\\/wp-content\\\/uploads\\\/2021\\\/10\\\/titelbildw2.png?fit=600%2C502&ssl=1\",\"width\":600,\"height\":502},{\"@type\":\"BreadcrumbList\",\"@id\":\"https:\\\/\\\/wuerfel-becher.de\\\/index.php\\\/produkt\\\/wuerfel-mit-gravur\\\/#breadcrumb\",\"itemListElement\":[{\"@type\":\"ListItem\",\"position\":1,\"name\":\"Startseite\",\"item\":\"https:\\\/\\\/wuerfel-becher.de\\\/\"},{\"@type\":\"ListItem\",\"position\":2,\"name\":\"Shop\",\"item\":\"https:\\\/\\\/wuerfel-becher.de\\\/index.php\\\/shop-fuer-gravierte-wuerfelbecher\\\/\"},{\"@type\":\"ListItem\",\"position\":3,\"name\":\"Holzw\u00fcrfel\"}]},{\"@type\":\"WebSite\",\"@id\":\"https:\\\/\\\/wuerfel-becher.de\\\/#website\",\"url\":\"https:\\\/\\\/wuerfel-becher.de\\\/\",\"name\":\"W\u00fcrfel-Becher.de\",\"description\":\"\",\"publisher\":{\"@id\":\"https:\\\/\\\/wuerfel-becher.de\\\/#organization\"},\"potentialAction\":[{\"@type\":\"SearchAction\",\"target\":{\"@type\":\"EntryPoint\",\"urlTemplate\":\"https:\\\/\\\/wuerfel-becher.de\\\/?s={search_term_string}\"},\"query-input\":{\"@type\":\"PropertyValueSpecification\",\"valueRequired\":true,\"valueName\":\"search_term_string\"}}],\"inLanguage\":\"de\"},{\"@type\":\"Organization\",\"@id\":\"https:\\\/\\\/wuerfel-becher.de\\\/#organization\",\"name\":\"W\u00fcrfel-Becher.de\",\"url\":\"https:\\\/\\\/wuerfel-becher.de\\\/\",\"logo\":{\"@type\":\"ImageObject\",\"inLanguage\":\"de\",\"@id\":\"https:\\\/\\\/wuerfel-becher.de\\\/#\\\/schema\\\/logo\\\/image\\\/\",\"url\":\"https:\\\/\\\/xn--wrfel-becher-dlb.de\\\/wp-content\\\/uploads\\\/2021\\\/11\\\/becherlogo.png\",\"contentUrl\":\"https:\\\/\\\/xn--wrfel-becher-dlb.de\\\/wp-content\\\/uploads\\\/2021\\\/11\\\/becherlogo.png\",\"width\":418,\"height\":449,\"caption\":\"W\u00fcrfel-Becher.de\"},\"image\":{\"@id\":\"https:\\\/\\\/wuerfel-becher.de\\\/#\\\/schema\\\/logo\\\/image\\\/\"},\"sameAs\":[\"https:\\\/\\\/www.instagram.com\\\/wuerfelbecher_mit_gravur\\\/\"]}]}<\/script>\n<!-- \/ Yoast SEO plugin. -->","yoast_head_json":{"title":"Holzw\u00fcrfel - W\u00fcrfel-Becher.de W\u00fcrfel mit Gravur","description":"Wuerfel-becher.de Diese Holzw\u00fcrfel blanko sind ideal zum Gravieren mit verschiedenen Motiven. Die Ma\u00dfe sind ca. 16 x 16 x 16mm.","robots":{"index":"index","follow":"follow","max-snippet":"max-snippet:-1","max-image-preview":"max-image-preview:large","max-video-preview":"max-video-preview:-1"},"canonical":"https:\/\/wuerfel-becher.de\/index.php\/produkt\/wuerfel-mit-gravur\/","og_locale":"de_DE","og_type":"article","og_title":"Holzw\u00fcrfel - W\u00fcrfel-Becher.de W\u00fcrfel mit Gravur","og_description":"Wuerfel-becher.de Diese Holzw\u00fcrfel blanko sind ideal zum Gravieren mit verschiedenen Motiven. Die Ma\u00dfe sind ca. 16 x 16 x 16mm.","og_url":"https:\/\/wuerfel-becher.de\/index.php\/produkt\/wuerfel-mit-gravur\/","og_site_name":"W\u00fcrfel-Becher.de","article_modified_time":"2023-06-26T09:26:02+00:00","og_image":[{"width":600,"height":502,"url":"https:\/\/i0.wp.com\/wuerfel-becher.de\/wp-content\/uploads\/2021\/10\/titelbildw2.png?fit=600%2C502&ssl=1","type":"image\/png"}],"twitter_card":"summary_large_image","schema":{"@context":"https:\/\/schema.org","@graph":[{"@type":"WebPage","@id":"https:\/\/wuerfel-becher.de\/index.php\/produkt\/wuerfel-mit-gravur\/","url":"https:\/\/wuerfel-becher.de\/index.php\/produkt\/wuerfel-mit-gravur\/","name":"Holzw\u00fcrfel - W\u00fcrfel-Becher.de W\u00fcrfel mit Gravur","isPartOf":{"@id":"https:\/\/wuerfel-becher.de\/#website"},"primaryImageOfPage":{"@id":"https:\/\/wuerfel-becher.de\/index.php\/produkt\/wuerfel-mit-gravur\/#primaryimage"},"image":{"@id":"https:\/\/wuerfel-becher.de\/index.php\/produkt\/wuerfel-mit-gravur\/#primaryimage"},"thumbnailUrl":"https:\/\/i0.wp.com\/wuerfel-becher.de\/wp-content\/uploads\/2021\/10\/titelbildw2.png?fit=600%2C502&ssl=1","datePublished":"2021-10-07T09:24:12+00:00","dateModified":"2023-06-26T09:26:02+00:00","description":"Wuerfel-becher.de Diese Holzw\u00fcrfel blanko sind ideal zum Gravieren mit verschiedenen Motiven. Die Ma\u00dfe sind ca. 16 x 16 x 16mm.","breadcrumb":{"@id":"https:\/\/wuerfel-becher.de\/index.php\/produkt\/wuerfel-mit-gravur\/#breadcrumb"},"inLanguage":"de","potentialAction":[{"@type":"ReadAction","target":["https:\/\/wuerfel-becher.de\/index.php\/produkt\/wuerfel-mit-gravur\/"]}]},{"@type":"ImageObject","inLanguage":"de","@id":"https:\/\/wuerfel-becher.de\/index.php\/produkt\/wuerfel-mit-gravur\/#primaryimage","url":"https:\/\/i0.wp.com\/wuerfel-becher.de\/wp-content\/uploads\/2021\/10\/titelbildw2.png?fit=600%2C502&ssl=1","contentUrl":"https:\/\/i0.wp.com\/wuerfel-becher.de\/wp-content\/uploads\/2021\/10\/titelbildw2.png?fit=600%2C502&ssl=1","width":600,"height":502},{"@type":"BreadcrumbList","@id":"https:\/\/wuerfel-becher.de\/index.php\/produkt\/wuerfel-mit-gravur\/#breadcrumb","itemListElement":[{"@type":"ListItem","position":1,"name":"Startseite","item":"https:\/\/wuerfel-becher.de\/"},{"@type":"ListItem","position":2,"name":"Shop","item":"https:\/\/wuerfel-becher.de\/index.php\/shop-fuer-gravierte-wuerfelbecher\/"},{"@type":"ListItem","position":3,"name":"Holzw\u00fcrfel"}]},{"@type":"WebSite","@id":"https:\/\/wuerfel-becher.de\/#website","url":"https:\/\/wuerfel-becher.de\/","name":"W\u00fcrfel-Becher.de","description":"","publisher":{"@id":"https:\/\/wuerfel-becher.de\/#organization"},"potentialAction":[{"@type":"SearchAction","target":{"@type":"EntryPoint","urlTemplate":"https:\/\/wuerfel-becher.de\/?s={search_term_string}"},"query-input":{"@type":"PropertyValueSpecification","valueRequired":true,"valueName":"search_term_string"}}],"inLanguage":"de"},{"@type":"Organization","@id":"https:\/\/wuerfel-becher.de\/#organization","name":"W\u00fcrfel-Becher.de","url":"https:\/\/wuerfel-becher.de\/","logo":{"@type":"ImageObject","inLanguage":"de","@id":"https:\/\/wuerfel-becher.de\/#\/schema\/logo\/image\/","url":"https:\/\/xn--wrfel-becher-dlb.de\/wp-content\/uploads\/2021\/11\/becherlogo.png","contentUrl":"https:\/\/xn--wrfel-becher-dlb.de\/wp-content\/uploads\/2021\/11\/becherlogo.png","width":418,"height":449,"caption":"W\u00fcrfel-Becher.de"},"image":{"@id":"https:\/\/wuerfel-becher.de\/#\/schema\/logo\/image\/"},"sameAs":["https:\/\/www.instagram.com\/wuerfelbecher_mit_gravur\/"]}]}},"jetpack_sharing_enabled":true,"_links":{"self":[{"href":"https:\/\/wuerfel-becher.de\/index.php\/wp-json\/wp\/v2\/product\/165","targetHints":{"allow":["GET"]}}],"collection":[{"href":"https:\/\/wuerfel-becher.de\/index.php\/wp-json\/wp\/v2\/product"}],"about":[{"href":"https:\/\/wuerfel-becher.de\/index.php\/wp-json\/wp\/v2\/types\/product"}],"replies":[{"embeddable":true,"href":"https:\/\/wuerfel-becher.de\/index.php\/wp-json\/wp\/v2\/comments?post=165"}],"wp:featuredmedia":[{"embeddable":true,"href":"https:\/\/wuerfel-becher.de\/index.php\/wp-json\/wp\/v2\/media\/2203"}],"wp:attachment":[{"href":"https:\/\/wuerfel-becher.de\/index.php\/wp-json\/wp\/v2\/media?parent=165"}],"wp:term":[{"taxonomy":"product_brand","embeddable":true,"href":"https:\/\/wuerfel-becher.de\/index.php\/wp-json\/wp\/v2\/product_brand?post=165"},{"taxonomy":"product_cat","embeddable":true,"href":"https:\/\/wuerfel-becher.de\/index.php\/wp-json\/wp\/v2\/product_cat?post=165"},{"taxonomy":"product_tag","embeddable":true,"href":"https:\/\/wuerfel-becher.de\/index.php\/wp-json\/wp\/v2\/product_tag?post=165"}],"curies":[{"name":"wp","href":"https:\/\/api.w.org\/{rel}","templated":true}]}}