{"id":176,"date":"2021-10-07T13:39:18","date_gmt":"2021-10-07T11:39:18","guid":{"rendered":"https:\/\/xn--wrfel-becher-dlb.de\/?post_type=product&#038;p=176"},"modified":"2022-12-14T10:22:54","modified_gmt":"2022-12-14T09:22:54","slug":"wuerfelblock-mit-aufdruck","status":"publish","type":"product","link":"https:\/\/wuerfel-becher.de\/index.php\/produkt\/wuerfelblock-mit-aufdruck\/","title":{"rendered":"W\u00fcrfelblock"},"content":{"rendered":"<p>W\u00fcrfelbl\u00f6cke DIN A6 mit Leimbindung, 50 Blatt<br \/>\n80g\/qm Naturpapier wei\u00df (beschreib- und bestempelbar, PEFC)<br \/>\n4\/0 farbig einseitig bedruckt<br \/>\nR\u00fcckpappe grau (400g)<br \/>\nEndformat: 10,5 cm x 14,8 cm<\/p>\n","protected":false},"excerpt":{"rendered":"<p>W\u00fcrfelbl\u00f6cke mit Spiel Aufdruck zur freien Gestaltung. Mit unserem Konfigurator k\u00f6nnen Sie Ihr Logo, ein Lasercode oder jedes andere Motiv \u00fcberall auf dem Block platzieren. Ob Einfarbig oder Mehrfarbig ist kein Problem. Bitte beachten Sie das ein Motiv was auf dem Vordruck platziert wird, von der Vorlage \u00fcberdruckt wird. Siehe Bsp. Bild. Sollten Sie \u00c4nderungen an dem Vordruck w\u00fcnschen, senden Sie uns vor der Bestellung eine E-Mail. Auch \u00c4nderungen an der Anzahl der Bl\u00e4tter oder das Einf\u00fcgen eines Deckblatts ist m\u00f6glich.<\/p>\n<p>Lieferzeit 4-7 Tage<br \/>\n<strong>Bitte nicht vergessen die Position des Digitaldrucks im Konfigurator zu w\u00e4hlen<\/strong><\/p>\n","protected":false},"featured_media":363,"comment_status":"closed","ping_status":"closed","template":"","meta":[],"product_brand":[],"product_cat":[16],"product_tag":[],"class_list":{"0":"post-176","1":"product","2":"type-product","3":"status-publish","4":"has-post-thumbnail","6":"product_cat-unkategorisiert","8":"first","9":"instock","10":"taxable","11":"shipping-taxable","12":"purchasable","13":"product-type-variable"},"yoast_head":"<!-- This site is optimized with the Yoast SEO plugin v27.5 - https:\/\/yoast.com\/product\/yoast-seo-wordpress\/ -->\n<title>W\u00fcrfelblock - W\u00fcrfel-Becher.de Individuell Gestaltet<\/title>\n<meta name=\"description\" content=\"Wuerfel-becher.de W\u00fcrfelbl\u00f6cke DIN A6 mit Kniffel-Spiel Aufdruck zur freien Gestaltung. Mit unserem Konfigurator\" \/>\n<meta name=\"robots\" content=\"index, follow, max-snippet:-1, max-image-preview:large, max-video-preview:-1\" \/>\n<link rel=\"canonical\" href=\"https:\/\/wuerfel-becher.de\/index.php\/produkt\/wuerfelblock-mit-aufdruck\/\" \/>\n<meta property=\"og:locale\" content=\"de_DE\" \/>\n<meta property=\"og:type\" content=\"article\" \/>\n<meta property=\"og:title\" content=\"W\u00fcrfelblock - W\u00fcrfel-Becher.de Individuell Gestaltet\" \/>\n<meta property=\"og:description\" content=\"Wuerfel-becher.de W\u00fcrfelbl\u00f6cke DIN A6 mit Kniffel-Spiel Aufdruck zur freien Gestaltung. Mit unserem Konfigurator\" \/>\n<meta property=\"og:url\" content=\"https:\/\/wuerfel-becher.de\/index.php\/produkt\/wuerfelblock-mit-aufdruck\/\" \/>\n<meta property=\"og:site_name\" content=\"W\u00fcrfel-Becher.de\" \/>\n<meta property=\"article:modified_time\" content=\"2022-12-14T09:22:54+00:00\" \/>\n<meta property=\"og:image\" content=\"https:\/\/i0.wp.com\/wuerfel-becher.de\/wp-content\/uploads\/2021\/09\/bloecke.png?fit=794%2C472&ssl=1\" \/>\n\t<meta property=\"og:image:width\" content=\"794\" \/>\n\t<meta property=\"og:image:height\" content=\"472\" \/>\n\t<meta property=\"og:image:type\" content=\"image\/png\" \/>\n<meta name=\"twitter:card\" content=\"summary_large_image\" \/>\n<script type=\"application\/ld+json\" class=\"yoast-schema-graph\">{\"@context\":\"https:\\\/\\\/schema.org\",\"@graph\":[{\"@type\":\"WebPage\",\"@id\":\"https:\\\/\\\/wuerfel-becher.de\\\/index.php\\\/produkt\\\/wuerfelblock-mit-aufdruck\\\/\",\"url\":\"https:\\\/\\\/wuerfel-becher.de\\\/index.php\\\/produkt\\\/wuerfelblock-mit-aufdruck\\\/\",\"name\":\"W\u00fcrfelblock - W\u00fcrfel-Becher.de Individuell Gestaltet\",\"isPartOf\":{\"@id\":\"https:\\\/\\\/wuerfel-becher.de\\\/#website\"},\"primaryImageOfPage\":{\"@id\":\"https:\\\/\\\/wuerfel-becher.de\\\/index.php\\\/produkt\\\/wuerfelblock-mit-aufdruck\\\/#primaryimage\"},\"image\":{\"@id\":\"https:\\\/\\\/wuerfel-becher.de\\\/index.php\\\/produkt\\\/wuerfelblock-mit-aufdruck\\\/#primaryimage\"},\"thumbnailUrl\":\"https:\\\/\\\/i0.wp.com\\\/wuerfel-becher.de\\\/wp-content\\\/uploads\\\/2021\\\/09\\\/bloecke.png?fit=794%2C472&ssl=1\",\"datePublished\":\"2021-10-07T11:39:18+00:00\",\"dateModified\":\"2022-12-14T09:22:54+00:00\",\"description\":\"Wuerfel-becher.de W\u00fcrfelbl\u00f6cke DIN A6 mit Kniffel-Spiel Aufdruck zur freien Gestaltung. Mit unserem Konfigurator\",\"breadcrumb\":{\"@id\":\"https:\\\/\\\/wuerfel-becher.de\\\/index.php\\\/produkt\\\/wuerfelblock-mit-aufdruck\\\/#breadcrumb\"},\"inLanguage\":\"de\",\"potentialAction\":[{\"@type\":\"ReadAction\",\"target\":[\"https:\\\/\\\/wuerfel-becher.de\\\/index.php\\\/produkt\\\/wuerfelblock-mit-aufdruck\\\/\"]}]},{\"@type\":\"ImageObject\",\"inLanguage\":\"de\",\"@id\":\"https:\\\/\\\/wuerfel-becher.de\\\/index.php\\\/produkt\\\/wuerfelblock-mit-aufdruck\\\/#primaryimage\",\"url\":\"https:\\\/\\\/i0.wp.com\\\/wuerfel-becher.de\\\/wp-content\\\/uploads\\\/2021\\\/09\\\/bloecke.png?fit=794%2C472&ssl=1\",\"contentUrl\":\"https:\\\/\\\/i0.wp.com\\\/wuerfel-becher.de\\\/wp-content\\\/uploads\\\/2021\\\/09\\\/bloecke.png?fit=794%2C472&ssl=1\",\"width\":794,\"height\":472,\"caption\":\"spielblock\"},{\"@type\":\"BreadcrumbList\",\"@id\":\"https:\\\/\\\/wuerfel-becher.de\\\/index.php\\\/produkt\\\/wuerfelblock-mit-aufdruck\\\/#breadcrumb\",\"itemListElement\":[{\"@type\":\"ListItem\",\"position\":1,\"name\":\"Startseite\",\"item\":\"https:\\\/\\\/wuerfel-becher.de\\\/\"},{\"@type\":\"ListItem\",\"position\":2,\"name\":\"Shop\",\"item\":\"https:\\\/\\\/wuerfel-becher.de\\\/index.php\\\/shop-fuer-gravierte-wuerfelbecher\\\/\"},{\"@type\":\"ListItem\",\"position\":3,\"name\":\"W\u00fcrfelblock\"}]},{\"@type\":\"WebSite\",\"@id\":\"https:\\\/\\\/wuerfel-becher.de\\\/#website\",\"url\":\"https:\\\/\\\/wuerfel-becher.de\\\/\",\"name\":\"W\u00fcrfel-Becher.de\",\"description\":\"\",\"publisher\":{\"@id\":\"https:\\\/\\\/wuerfel-becher.de\\\/#organization\"},\"potentialAction\":[{\"@type\":\"SearchAction\",\"target\":{\"@type\":\"EntryPoint\",\"urlTemplate\":\"https:\\\/\\\/wuerfel-becher.de\\\/?s={search_term_string}\"},\"query-input\":{\"@type\":\"PropertyValueSpecification\",\"valueRequired\":true,\"valueName\":\"search_term_string\"}}],\"inLanguage\":\"de\"},{\"@type\":\"Organization\",\"@id\":\"https:\\\/\\\/wuerfel-becher.de\\\/#organization\",\"name\":\"W\u00fcrfel-Becher.de\",\"url\":\"https:\\\/\\\/wuerfel-becher.de\\\/\",\"logo\":{\"@type\":\"ImageObject\",\"inLanguage\":\"de\",\"@id\":\"https:\\\/\\\/wuerfel-becher.de\\\/#\\\/schema\\\/logo\\\/image\\\/\",\"url\":\"https:\\\/\\\/xn--wrfel-becher-dlb.de\\\/wp-content\\\/uploads\\\/2021\\\/11\\\/becherlogo.png\",\"contentUrl\":\"https:\\\/\\\/xn--wrfel-becher-dlb.de\\\/wp-content\\\/uploads\\\/2021\\\/11\\\/becherlogo.png\",\"width\":418,\"height\":449,\"caption\":\"W\u00fcrfel-Becher.de\"},\"image\":{\"@id\":\"https:\\\/\\\/wuerfel-becher.de\\\/#\\\/schema\\\/logo\\\/image\\\/\"},\"sameAs\":[\"https:\\\/\\\/www.instagram.com\\\/wuerfelbecher_mit_gravur\\\/\"]}]}<\/script>\n<!-- \/ Yoast SEO plugin. -->","yoast_head_json":{"title":"W\u00fcrfelblock - W\u00fcrfel-Becher.de Individuell Gestaltet","description":"Wuerfel-becher.de W\u00fcrfelbl\u00f6cke DIN A6 mit Kniffel-Spiel Aufdruck zur freien Gestaltung. Mit unserem Konfigurator","robots":{"index":"index","follow":"follow","max-snippet":"max-snippet:-1","max-image-preview":"max-image-preview:large","max-video-preview":"max-video-preview:-1"},"canonical":"https:\/\/wuerfel-becher.de\/index.php\/produkt\/wuerfelblock-mit-aufdruck\/","og_locale":"de_DE","og_type":"article","og_title":"W\u00fcrfelblock - W\u00fcrfel-Becher.de Individuell Gestaltet","og_description":"Wuerfel-becher.de W\u00fcrfelbl\u00f6cke DIN A6 mit Kniffel-Spiel Aufdruck zur freien Gestaltung. Mit unserem Konfigurator","og_url":"https:\/\/wuerfel-becher.de\/index.php\/produkt\/wuerfelblock-mit-aufdruck\/","og_site_name":"W\u00fcrfel-Becher.de","article_modified_time":"2022-12-14T09:22:54+00:00","og_image":[{"width":794,"height":472,"url":"https:\/\/i0.wp.com\/wuerfel-becher.de\/wp-content\/uploads\/2021\/09\/bloecke.png?fit=794%2C472&ssl=1","type":"image\/png"}],"twitter_card":"summary_large_image","schema":{"@context":"https:\/\/schema.org","@graph":[{"@type":"WebPage","@id":"https:\/\/wuerfel-becher.de\/index.php\/produkt\/wuerfelblock-mit-aufdruck\/","url":"https:\/\/wuerfel-becher.de\/index.php\/produkt\/wuerfelblock-mit-aufdruck\/","name":"W\u00fcrfelblock - W\u00fcrfel-Becher.de Individuell Gestaltet","isPartOf":{"@id":"https:\/\/wuerfel-becher.de\/#website"},"primaryImageOfPage":{"@id":"https:\/\/wuerfel-becher.de\/index.php\/produkt\/wuerfelblock-mit-aufdruck\/#primaryimage"},"image":{"@id":"https:\/\/wuerfel-becher.de\/index.php\/produkt\/wuerfelblock-mit-aufdruck\/#primaryimage"},"thumbnailUrl":"https:\/\/i0.wp.com\/wuerfel-becher.de\/wp-content\/uploads\/2021\/09\/bloecke.png?fit=794%2C472&ssl=1","datePublished":"2021-10-07T11:39:18+00:00","dateModified":"2022-12-14T09:22:54+00:00","description":"Wuerfel-becher.de W\u00fcrfelbl\u00f6cke DIN A6 mit Kniffel-Spiel Aufdruck zur freien Gestaltung. Mit unserem Konfigurator","breadcrumb":{"@id":"https:\/\/wuerfel-becher.de\/index.php\/produkt\/wuerfelblock-mit-aufdruck\/#breadcrumb"},"inLanguage":"de","potentialAction":[{"@type":"ReadAction","target":["https:\/\/wuerfel-becher.de\/index.php\/produkt\/wuerfelblock-mit-aufdruck\/"]}]},{"@type":"ImageObject","inLanguage":"de","@id":"https:\/\/wuerfel-becher.de\/index.php\/produkt\/wuerfelblock-mit-aufdruck\/#primaryimage","url":"https:\/\/i0.wp.com\/wuerfel-becher.de\/wp-content\/uploads\/2021\/09\/bloecke.png?fit=794%2C472&ssl=1","contentUrl":"https:\/\/i0.wp.com\/wuerfel-becher.de\/wp-content\/uploads\/2021\/09\/bloecke.png?fit=794%2C472&ssl=1","width":794,"height":472,"caption":"spielblock"},{"@type":"BreadcrumbList","@id":"https:\/\/wuerfel-becher.de\/index.php\/produkt\/wuerfelblock-mit-aufdruck\/#breadcrumb","itemListElement":[{"@type":"ListItem","position":1,"name":"Startseite","item":"https:\/\/wuerfel-becher.de\/"},{"@type":"ListItem","position":2,"name":"Shop","item":"https:\/\/wuerfel-becher.de\/index.php\/shop-fuer-gravierte-wuerfelbecher\/"},{"@type":"ListItem","position":3,"name":"W\u00fcrfelblock"}]},{"@type":"WebSite","@id":"https:\/\/wuerfel-becher.de\/#website","url":"https:\/\/wuerfel-becher.de\/","name":"W\u00fcrfel-Becher.de","description":"","publisher":{"@id":"https:\/\/wuerfel-becher.de\/#organization"},"potentialAction":[{"@type":"SearchAction","target":{"@type":"EntryPoint","urlTemplate":"https:\/\/wuerfel-becher.de\/?s={search_term_string}"},"query-input":{"@type":"PropertyValueSpecification","valueRequired":true,"valueName":"search_term_string"}}],"inLanguage":"de"},{"@type":"Organization","@id":"https:\/\/wuerfel-becher.de\/#organization","name":"W\u00fcrfel-Becher.de","url":"https:\/\/wuerfel-becher.de\/","logo":{"@type":"ImageObject","inLanguage":"de","@id":"https:\/\/wuerfel-becher.de\/#\/schema\/logo\/image\/","url":"https:\/\/xn--wrfel-becher-dlb.de\/wp-content\/uploads\/2021\/11\/becherlogo.png","contentUrl":"https:\/\/xn--wrfel-becher-dlb.de\/wp-content\/uploads\/2021\/11\/becherlogo.png","width":418,"height":449,"caption":"W\u00fcrfel-Becher.de"},"image":{"@id":"https:\/\/wuerfel-becher.de\/#\/schema\/logo\/image\/"},"sameAs":["https:\/\/www.instagram.com\/wuerfelbecher_mit_gravur\/"]}]}},"jetpack_sharing_enabled":true,"_links":{"self":[{"href":"https:\/\/wuerfel-becher.de\/index.php\/wp-json\/wp\/v2\/product\/176","targetHints":{"allow":["GET"]}}],"collection":[{"href":"https:\/\/wuerfel-becher.de\/index.php\/wp-json\/wp\/v2\/product"}],"about":[{"href":"https:\/\/wuerfel-becher.de\/index.php\/wp-json\/wp\/v2\/types\/product"}],"replies":[{"embeddable":true,"href":"https:\/\/wuerfel-becher.de\/index.php\/wp-json\/wp\/v2\/comments?post=176"}],"wp:featuredmedia":[{"embeddable":true,"href":"https:\/\/wuerfel-becher.de\/index.php\/wp-json\/wp\/v2\/media\/363"}],"wp:attachment":[{"href":"https:\/\/wuerfel-becher.de\/index.php\/wp-json\/wp\/v2\/media?parent=176"}],"wp:term":[{"taxonomy":"product_brand","embeddable":true,"href":"https:\/\/wuerfel-becher.de\/index.php\/wp-json\/wp\/v2\/product_brand?post=176"},{"taxonomy":"product_cat","embeddable":true,"href":"https:\/\/wuerfel-becher.de\/index.php\/wp-json\/wp\/v2\/product_cat?post=176"},{"taxonomy":"product_tag","embeddable":true,"href":"https:\/\/wuerfel-becher.de\/index.php\/wp-json\/wp\/v2\/product_tag?post=176"}],"curies":[{"name":"wp","href":"https:\/\/api.w.org\/{rel}","templated":true}]}}