{"id":1819,"date":"2023-02-14T12:57:34","date_gmt":"2023-02-14T11:57:34","guid":{"rendered":"https:\/\/xn--wrfel-becher-dlb.de\/?post_type=product&#038;p=1819"},"modified":"2025-10-28T12:44:30","modified_gmt":"2025-10-28T11:44:30","slug":"wuerfelbecher-mit-aufdruck","status":"publish","type":"product","link":"https:\/\/wuerfel-becher.de\/index.php\/produkt\/wuerfelbecher-mit-aufdruck\/","title":{"rendered":"W\u00fcrfelbecher mit Aufdruck"},"content":{"rendered":"<p>Natur Leder W\u00fcrfelbecher zum freien gestalten mit Ihrem Motiv.<br \/>\nDer W\u00fcrfelbecher hat folgende Gr\u00f6\u00dfe:<br \/>\n\u00d6ffnung oben ca. 70mm Boden unten ca. 50mm H\u00f6he ca. 85mm bis 90mm<br \/>\nDie Drucke erflogen mit einem UV Drucker.<br \/>\nF\u00fcr den Druck eines Bildes ben\u00f6tigen wir von Ihnen eine Datei im<br \/>\nFormat .jpg, .pdf, .png oder .tif und einer empfohlenen Aufl\u00f6sung von 300 dpi.<\/p>\n<p>Was die anteilige Zusammensetzung der UV-Druckfarben betrifft,<br \/>\nso bestehen diese aus etwa 60-70 % Bindemittel, 15-20 % Pigment,<br \/>\ncirca 8-12 % aus Fotoinitiatoren sowie rund 5-8 % aus Hilfsmitteln<\/p>\n","protected":false},"excerpt":{"rendered":"<p>Um Ihren W\u00fcrfelbecher individuell zu bedrucken benutzen sie unseren Konfigurator.<br \/>\nDer Lederbecher kann mit jedem Motiv frei bedruckt werden.<\/p>\n<p>Wozu Lederfett?<\/p>\n<p>Das Lederfett wird von uns mit einem Lappen hauchd\u00fcnn aufgetragen. Es n\u00e4hrt pflegt und impr\u00e4gniert Glattleder. Zus\u00e4tzlich verhindert es die Bildung von Wasserr\u00e4ndern und h\u00e4lt das Leder geschmeidig und atmungsaktiv. Selbstverst\u00e4ndlich ist das Fett hautfreundlich,\u00a0 umweltfreundlich und Inklusive bei Bedruckten W\u00fcrfelbechern.<\/p>\n<p><strong><span style=\"color: green;\">Lieferzeit 1-4 Tage<\/span><\/strong><\/p>\n<p><strong>Bitte nicht vergessen die Position von dem Aufdruck im Konfigurator zu w\u00e4hlen.<\/strong><\/p>\n","protected":false},"featured_media":1828,"comment_status":"closed","ping_status":"closed","template":"","meta":[],"product_brand":[],"product_cat":[17],"product_tag":[117,108,89,78,111,87,109,80,120,113,98,104,103,94,93,96,100,106,101,102,83,92,112,105,86,67,85,88,107,119,95,90,115,116,97,99,114,81,55,91,110,118,82,84],"class_list":{"0":"post-1819","1":"product","2":"type-product","3":"status-publish","4":"has-post-thumbnail","6":"product_cat-becher","7":"product_tag-beer-dice","8":"product_tag-boardgame","9":"product_tag-brettspiel-zubehoer","10":"product_tag-casino-zubehoer","11":"product_tag-cooles-geschenk","12":"product_tag-dd","13":"product_tag-dice","14":"product_tag-dice-cup","15":"product_tag-family-games","16":"product_tag-gamer-geschenk","17":"product_tag-gaming-zubehoer","18":"product_tag-geschenk-fuer-freunde","19":"product_tag-geschenk-fuer-papa","20":"product_tag-geschenk-fuer-spieler","21":"product_tag-geschenkidee","22":"product_tag-gesellschaftsspiele","23":"product_tag-graviert","24":"product_tag-hobby","25":"product_tag-individuell","26":"product_tag-individuell-graviert","27":"product_tag-kniffel","28":"product_tag-lasergravur","29":"product_tag-originelles-geschenk","30":"product_tag-partyspiele","31":"product_tag-pen-paper","32":"product_tag-personalisierter-wuerfelbecher","33":"product_tag-poker","34":"product_tag-rollenspiel","35":"product_tag-sammler","36":"product_tag-spiele-klassiker","37":"product_tag-spieleabend","38":"product_tag-spielzubehoer","39":"product_tag-stammtisch","40":"product_tag-strategie-spiele","41":"product_tag-tabletop","42":"product_tag-turnierbedarf","43":"product_tag-vereinsbedarf","44":"product_tag-wuerfel","45":"product_tag-wuerfelbecher","46":"product_tag-wuerfelbecher-geschenk","47":"product_tag-wuerfeln","48":"product_tag-wuerfelset","49":"product_tag-wuerfelspiel","50":"product_tag-yahtzee","52":"first","53":"instock","54":"taxable","55":"shipping-taxable","56":"purchasable","57":"product-type-variable"},"yoast_head":"<!-- This site is optimized with the Yoast SEO plugin v27.5 - https:\/\/yoast.com\/product\/yoast-seo-wordpress\/ -->\n<title>W\u00fcrfelbecher mit Aufdruck - Gravur Individuell LaserGravur W\u00fcrfel<\/title>\n<meta name=\"description\" content=\"Natur Leder W\u00fcrfelbecher zum freien gestalten mit Ihrem Druck-Motiv. Benutzen sie unseren Konfigurator.\" \/>\n<meta name=\"robots\" content=\"index, follow, max-snippet:-1, max-image-preview:large, max-video-preview:-1\" \/>\n<link rel=\"canonical\" href=\"https:\/\/wuerfel-becher.de\/index.php\/produkt\/wuerfelbecher-mit-aufdruck\/\" \/>\n<meta property=\"og:locale\" content=\"de_DE\" \/>\n<meta property=\"og:type\" content=\"article\" \/>\n<meta property=\"og:title\" content=\"W\u00fcrfelbecher mit Aufdruck - Gravur Individuell LaserGravur W\u00fcrfel\" \/>\n<meta property=\"og:description\" content=\"Natur Leder W\u00fcrfelbecher zum freien gestalten mit Ihrem Druck-Motiv. Benutzen sie unseren Konfigurator.\" \/>\n<meta property=\"og:url\" content=\"https:\/\/wuerfel-becher.de\/index.php\/produkt\/wuerfelbecher-mit-aufdruck\/\" \/>\n<meta property=\"og:site_name\" content=\"W\u00fcrfel-Becher.de\" \/>\n<meta property=\"article:modified_time\" content=\"2025-10-28T11:44:30+00:00\" \/>\n<meta property=\"og:image\" content=\"https:\/\/wuerfel-becher.de\/wp-content\/uploads\/2023\/02\/druck-1.png\" \/>\n\t<meta property=\"og:image:width\" content=\"800\" \/>\n\t<meta property=\"og:image:height\" content=\"800\" \/>\n\t<meta property=\"og:image:type\" content=\"image\/png\" \/>\n<meta name=\"twitter:card\" content=\"summary_large_image\" \/>\n<script type=\"application\/ld+json\" class=\"yoast-schema-graph\">{\"@context\":\"https:\\\/\\\/schema.org\",\"@graph\":[{\"@type\":\"WebPage\",\"@id\":\"https:\\\/\\\/wuerfel-becher.de\\\/index.php\\\/produkt\\\/wuerfelbecher-mit-aufdruck\\\/\",\"url\":\"https:\\\/\\\/wuerfel-becher.de\\\/index.php\\\/produkt\\\/wuerfelbecher-mit-aufdruck\\\/\",\"name\":\"W\u00fcrfelbecher mit Aufdruck - Gravur Individuell LaserGravur W\u00fcrfel\",\"isPartOf\":{\"@id\":\"https:\\\/\\\/wuerfel-becher.de\\\/#website\"},\"primaryImageOfPage\":{\"@id\":\"https:\\\/\\\/wuerfel-becher.de\\\/index.php\\\/produkt\\\/wuerfelbecher-mit-aufdruck\\\/#primaryimage\"},\"image\":{\"@id\":\"https:\\\/\\\/wuerfel-becher.de\\\/index.php\\\/produkt\\\/wuerfelbecher-mit-aufdruck\\\/#primaryimage\"},\"thumbnailUrl\":\"https:\\\/\\\/i0.wp.com\\\/wuerfel-becher.de\\\/wp-content\\\/uploads\\\/2023\\\/02\\\/druck-1.png?fit=800%2C800&ssl=1\",\"datePublished\":\"2023-02-14T11:57:34+00:00\",\"dateModified\":\"2025-10-28T11:44:30+00:00\",\"description\":\"Natur Leder W\u00fcrfelbecher zum freien gestalten mit Ihrem Druck-Motiv. Benutzen sie unseren Konfigurator.\",\"breadcrumb\":{\"@id\":\"https:\\\/\\\/wuerfel-becher.de\\\/index.php\\\/produkt\\\/wuerfelbecher-mit-aufdruck\\\/#breadcrumb\"},\"inLanguage\":\"de\",\"potentialAction\":[{\"@type\":\"ReadAction\",\"target\":[\"https:\\\/\\\/wuerfel-becher.de\\\/index.php\\\/produkt\\\/wuerfelbecher-mit-aufdruck\\\/\"]}]},{\"@type\":\"ImageObject\",\"inLanguage\":\"de\",\"@id\":\"https:\\\/\\\/wuerfel-becher.de\\\/index.php\\\/produkt\\\/wuerfelbecher-mit-aufdruck\\\/#primaryimage\",\"url\":\"https:\\\/\\\/i0.wp.com\\\/wuerfel-becher.de\\\/wp-content\\\/uploads\\\/2023\\\/02\\\/druck-1.png?fit=800%2C800&ssl=1\",\"contentUrl\":\"https:\\\/\\\/i0.wp.com\\\/wuerfel-becher.de\\\/wp-content\\\/uploads\\\/2023\\\/02\\\/druck-1.png?fit=800%2C800&ssl=1\",\"width\":800,\"height\":800,\"caption\":\"bechermitdruck\"},{\"@type\":\"BreadcrumbList\",\"@id\":\"https:\\\/\\\/wuerfel-becher.de\\\/index.php\\\/produkt\\\/wuerfelbecher-mit-aufdruck\\\/#breadcrumb\",\"itemListElement\":[{\"@type\":\"ListItem\",\"position\":1,\"name\":\"Startseite\",\"item\":\"https:\\\/\\\/wuerfel-becher.de\\\/\"},{\"@type\":\"ListItem\",\"position\":2,\"name\":\"Shop\",\"item\":\"https:\\\/\\\/wuerfel-becher.de\\\/index.php\\\/shop-fuer-gravierte-wuerfelbecher\\\/\"},{\"@type\":\"ListItem\",\"position\":3,\"name\":\"W\u00fcrfelbecher mit Aufdruck\"}]},{\"@type\":\"WebSite\",\"@id\":\"https:\\\/\\\/wuerfel-becher.de\\\/#website\",\"url\":\"https:\\\/\\\/wuerfel-becher.de\\\/\",\"name\":\"W\u00fcrfel-Becher.de\",\"description\":\"\",\"publisher\":{\"@id\":\"https:\\\/\\\/wuerfel-becher.de\\\/#organization\"},\"potentialAction\":[{\"@type\":\"SearchAction\",\"target\":{\"@type\":\"EntryPoint\",\"urlTemplate\":\"https:\\\/\\\/wuerfel-becher.de\\\/?s={search_term_string}\"},\"query-input\":{\"@type\":\"PropertyValueSpecification\",\"valueRequired\":true,\"valueName\":\"search_term_string\"}}],\"inLanguage\":\"de\"},{\"@type\":\"Organization\",\"@id\":\"https:\\\/\\\/wuerfel-becher.de\\\/#organization\",\"name\":\"W\u00fcrfel-Becher.de\",\"url\":\"https:\\\/\\\/wuerfel-becher.de\\\/\",\"logo\":{\"@type\":\"ImageObject\",\"inLanguage\":\"de\",\"@id\":\"https:\\\/\\\/wuerfel-becher.de\\\/#\\\/schema\\\/logo\\\/image\\\/\",\"url\":\"https:\\\/\\\/xn--wrfel-becher-dlb.de\\\/wp-content\\\/uploads\\\/2021\\\/11\\\/becherlogo.png\",\"contentUrl\":\"https:\\\/\\\/xn--wrfel-becher-dlb.de\\\/wp-content\\\/uploads\\\/2021\\\/11\\\/becherlogo.png\",\"width\":418,\"height\":449,\"caption\":\"W\u00fcrfel-Becher.de\"},\"image\":{\"@id\":\"https:\\\/\\\/wuerfel-becher.de\\\/#\\\/schema\\\/logo\\\/image\\\/\"},\"sameAs\":[\"https:\\\/\\\/www.instagram.com\\\/wuerfelbecher_mit_gravur\\\/\"]}]}<\/script>\n<!-- \/ Yoast SEO plugin. -->","yoast_head_json":{"title":"W\u00fcrfelbecher mit Aufdruck - Gravur Individuell LaserGravur W\u00fcrfel","description":"Natur Leder W\u00fcrfelbecher zum freien gestalten mit Ihrem Druck-Motiv. Benutzen sie unseren Konfigurator.","robots":{"index":"index","follow":"follow","max-snippet":"max-snippet:-1","max-image-preview":"max-image-preview:large","max-video-preview":"max-video-preview:-1"},"canonical":"https:\/\/wuerfel-becher.de\/index.php\/produkt\/wuerfelbecher-mit-aufdruck\/","og_locale":"de_DE","og_type":"article","og_title":"W\u00fcrfelbecher mit Aufdruck - Gravur Individuell LaserGravur W\u00fcrfel","og_description":"Natur Leder W\u00fcrfelbecher zum freien gestalten mit Ihrem Druck-Motiv. Benutzen sie unseren Konfigurator.","og_url":"https:\/\/wuerfel-becher.de\/index.php\/produkt\/wuerfelbecher-mit-aufdruck\/","og_site_name":"W\u00fcrfel-Becher.de","article_modified_time":"2025-10-28T11:44:30+00:00","og_image":[{"width":800,"height":800,"url":"https:\/\/wuerfel-becher.de\/wp-content\/uploads\/2023\/02\/druck-1.png","type":"image\/png"}],"twitter_card":"summary_large_image","schema":{"@context":"https:\/\/schema.org","@graph":[{"@type":"WebPage","@id":"https:\/\/wuerfel-becher.de\/index.php\/produkt\/wuerfelbecher-mit-aufdruck\/","url":"https:\/\/wuerfel-becher.de\/index.php\/produkt\/wuerfelbecher-mit-aufdruck\/","name":"W\u00fcrfelbecher mit Aufdruck - Gravur Individuell LaserGravur W\u00fcrfel","isPartOf":{"@id":"https:\/\/wuerfel-becher.de\/#website"},"primaryImageOfPage":{"@id":"https:\/\/wuerfel-becher.de\/index.php\/produkt\/wuerfelbecher-mit-aufdruck\/#primaryimage"},"image":{"@id":"https:\/\/wuerfel-becher.de\/index.php\/produkt\/wuerfelbecher-mit-aufdruck\/#primaryimage"},"thumbnailUrl":"https:\/\/i0.wp.com\/wuerfel-becher.de\/wp-content\/uploads\/2023\/02\/druck-1.png?fit=800%2C800&ssl=1","datePublished":"2023-02-14T11:57:34+00:00","dateModified":"2025-10-28T11:44:30+00:00","description":"Natur Leder W\u00fcrfelbecher zum freien gestalten mit Ihrem Druck-Motiv. Benutzen sie unseren Konfigurator.","breadcrumb":{"@id":"https:\/\/wuerfel-becher.de\/index.php\/produkt\/wuerfelbecher-mit-aufdruck\/#breadcrumb"},"inLanguage":"de","potentialAction":[{"@type":"ReadAction","target":["https:\/\/wuerfel-becher.de\/index.php\/produkt\/wuerfelbecher-mit-aufdruck\/"]}]},{"@type":"ImageObject","inLanguage":"de","@id":"https:\/\/wuerfel-becher.de\/index.php\/produkt\/wuerfelbecher-mit-aufdruck\/#primaryimage","url":"https:\/\/i0.wp.com\/wuerfel-becher.de\/wp-content\/uploads\/2023\/02\/druck-1.png?fit=800%2C800&ssl=1","contentUrl":"https:\/\/i0.wp.com\/wuerfel-becher.de\/wp-content\/uploads\/2023\/02\/druck-1.png?fit=800%2C800&ssl=1","width":800,"height":800,"caption":"bechermitdruck"},{"@type":"BreadcrumbList","@id":"https:\/\/wuerfel-becher.de\/index.php\/produkt\/wuerfelbecher-mit-aufdruck\/#breadcrumb","itemListElement":[{"@type":"ListItem","position":1,"name":"Startseite","item":"https:\/\/wuerfel-becher.de\/"},{"@type":"ListItem","position":2,"name":"Shop","item":"https:\/\/wuerfel-becher.de\/index.php\/shop-fuer-gravierte-wuerfelbecher\/"},{"@type":"ListItem","position":3,"name":"W\u00fcrfelbecher mit Aufdruck"}]},{"@type":"WebSite","@id":"https:\/\/wuerfel-becher.de\/#website","url":"https:\/\/wuerfel-becher.de\/","name":"W\u00fcrfel-Becher.de","description":"","publisher":{"@id":"https:\/\/wuerfel-becher.de\/#organization"},"potentialAction":[{"@type":"SearchAction","target":{"@type":"EntryPoint","urlTemplate":"https:\/\/wuerfel-becher.de\/?s={search_term_string}"},"query-input":{"@type":"PropertyValueSpecification","valueRequired":true,"valueName":"search_term_string"}}],"inLanguage":"de"},{"@type":"Organization","@id":"https:\/\/wuerfel-becher.de\/#organization","name":"W\u00fcrfel-Becher.de","url":"https:\/\/wuerfel-becher.de\/","logo":{"@type":"ImageObject","inLanguage":"de","@id":"https:\/\/wuerfel-becher.de\/#\/schema\/logo\/image\/","url":"https:\/\/xn--wrfel-becher-dlb.de\/wp-content\/uploads\/2021\/11\/becherlogo.png","contentUrl":"https:\/\/xn--wrfel-becher-dlb.de\/wp-content\/uploads\/2021\/11\/becherlogo.png","width":418,"height":449,"caption":"W\u00fcrfel-Becher.de"},"image":{"@id":"https:\/\/wuerfel-becher.de\/#\/schema\/logo\/image\/"},"sameAs":["https:\/\/www.instagram.com\/wuerfelbecher_mit_gravur\/"]}]}},"jetpack_sharing_enabled":true,"_links":{"self":[{"href":"https:\/\/wuerfel-becher.de\/index.php\/wp-json\/wp\/v2\/product\/1819","targetHints":{"allow":["GET"]}}],"collection":[{"href":"https:\/\/wuerfel-becher.de\/index.php\/wp-json\/wp\/v2\/product"}],"about":[{"href":"https:\/\/wuerfel-becher.de\/index.php\/wp-json\/wp\/v2\/types\/product"}],"replies":[{"embeddable":true,"href":"https:\/\/wuerfel-becher.de\/index.php\/wp-json\/wp\/v2\/comments?post=1819"}],"wp:featuredmedia":[{"embeddable":true,"href":"https:\/\/wuerfel-becher.de\/index.php\/wp-json\/wp\/v2\/media\/1828"}],"wp:attachment":[{"href":"https:\/\/wuerfel-becher.de\/index.php\/wp-json\/wp\/v2\/media?parent=1819"}],"wp:term":[{"taxonomy":"product_brand","embeddable":true,"href":"https:\/\/wuerfel-becher.de\/index.php\/wp-json\/wp\/v2\/product_brand?post=1819"},{"taxonomy":"product_cat","embeddable":true,"href":"https:\/\/wuerfel-becher.de\/index.php\/wp-json\/wp\/v2\/product_cat?post=1819"},{"taxonomy":"product_tag","embeddable":true,"href":"https:\/\/wuerfel-becher.de\/index.php\/wp-json\/wp\/v2\/product_tag?post=1819"}],"curies":[{"name":"wp","href":"https:\/\/api.w.org\/{rel}","templated":true}]}}