{"id":99,"date":"2021-10-04T14:13:10","date_gmt":"2021-10-04T12:13:10","guid":{"rendered":"https:\/\/xn--wrfel-becher-dlb.de\/?post_type=product&#038;p=99"},"modified":"2025-10-28T12:49:57","modified_gmt":"2025-10-28T11:49:57","slug":"wuerfel-becher-mit-gravur","status":"publish","type":"product","link":"https:\/\/wuerfel-becher.de\/index.php\/produkt\/wuerfel-becher-mit-gravur\/","title":{"rendered":"W\u00fcrfelbecher mit Gravur"},"content":{"rendered":"<p><img data-recalc-dims=\"1\" loading=\"lazy\" decoding=\"async\" class=\"alignleft wp-image-1028 size-large\" src=\"https:\/\/i0.wp.com\/xn--wrfel-becher-dlb.de\/wp-content\/uploads\/2021\/10\/wasgravierenwir-1024x683.jpg?resize=925%2C617&#038;ssl=1\" alt=\"wie\" width=\"925\" height=\"617\" srcset=\"https:\/\/i0.wp.com\/wuerfel-becher.de\/wp-content\/uploads\/2021\/10\/wasgravierenwir.jpg?resize=1024%2C683&amp;ssl=1 1024w, https:\/\/i0.wp.com\/wuerfel-becher.de\/wp-content\/uploads\/2021\/10\/wasgravierenwir.jpg?resize=300%2C200&amp;ssl=1 300w, https:\/\/i0.wp.com\/wuerfel-becher.de\/wp-content\/uploads\/2021\/10\/wasgravierenwir.jpg?resize=768%2C512&amp;ssl=1 768w, https:\/\/i0.wp.com\/wuerfel-becher.de\/wp-content\/uploads\/2021\/10\/wasgravierenwir.jpg?resize=90%2C60&amp;ssl=1 90w, https:\/\/i0.wp.com\/wuerfel-becher.de\/wp-content\/uploads\/2021\/10\/wasgravierenwir.jpg?resize=500%2C333&amp;ssl=1 500w, https:\/\/i0.wp.com\/wuerfel-becher.de\/wp-content\/uploads\/2021\/10\/wasgravierenwir.jpg?resize=135%2C90&amp;ssl=1 135w, https:\/\/i0.wp.com\/wuerfel-becher.de\/wp-content\/uploads\/2021\/10\/wasgravierenwir.jpg?w=1200&amp;ssl=1 1200w\" sizes=\"auto, (max-width: 925px) 100vw, 925px\" \/><\/p>\n<p>&nbsp;<\/p>\n<p>&nbsp;<\/p>\n<p>&nbsp;<\/p>\n<p>&nbsp;<\/p>\n<p>&nbsp;<\/p>\n<p>&nbsp;<\/p>\n<p>&nbsp;<\/p>\n<p>&nbsp;<\/p>\n<p>&nbsp;<\/p>\n<p>&nbsp;<\/p>\n<p>&nbsp;<\/p>\n<p>&nbsp;<\/p>\n<p>&nbsp;<\/p>\n<p>&nbsp;<\/p>\n<p>&nbsp;<\/p>\n<p>&nbsp;<\/p>\n<div class=\"[&amp;&gt;p:not(:first-child)]:mt-4\">\n<p>&nbsp;<\/p>\n<p><strong><a class=\"cursor-pointer\" title=\"www.google.com\/search?q=Natur%20Leder%20W%C3%BCrfelbecher\">Natur Leder W\u00fcrfelbecher<\/a> zum freien Gestalten mit Ihrem Motiv<\/strong><\/p>\n<p>Der <a class=\"cursor-pointer\" title=\"www.google.com\/search?q=Natur%20Leder%20W%C3%BCrfelbecher\">Natur Leder W\u00fcrfelbecher<\/a> bietet eine individuelle Gestaltungsm\u00f6glichkeit und zeichnet sich durch hochwertige Materialien aus. Hier sind weitere detaillierte Informationen zu diesem Produkt:<\/p>\n<ul class=\"[&amp;&gt;li]:custom-bullet pl-[18px] rtl:pr-[18px]\">\n<li><strong>Gr\u00f6\u00dfe des W\u00fcrfelbechers<\/strong>:\n<ul class=\"[&amp;&gt;li]:custom-bullet pl-[18px] rtl:pr-[18px]\">\n<li>\u00d6ffnung oben: ca. 70 mm<\/li>\n<li>Boden unten: ca. 50 mm<\/li>\n<li>H\u00f6he: ca. 85 mm bis 90 mm<\/li>\n<\/ul>\n<\/li>\n<li><strong>Gravurverfahren<\/strong>:\n<ul class=\"[&amp;&gt;li]:custom-bullet pl-[18px] rtl:pr-[18px]\">\n<li>Die Gravur auf dem W\u00fcrfelbecher erfolgt pr\u00e4zise mit einem CO\u00b2 Laser, um ein exaktes und ansprechendes Ergebnis zu erzielen.<\/li>\n<li>Nach der Gravur kann es zu Staubablagerungen auf dem Bauteil kommen, die leicht zu entfernen sind.<\/li>\n<\/ul>\n<\/li>\n<li><strong>Farbgestaltung<\/strong>:\n<ul class=\"[&amp;&gt;li]:custom-bullet pl-[18px] rtl:pr-[18px]\">\n<li>Gravuren auf Leder erscheinen in dunkelbraun oder schwarz und weisen keine farbigen Elemente auf.<\/li>\n<li>Bitte beachten Sie, dass die Farbeinstellung im Konfigurator lediglich zur besseren Visualisierung dient und keinen Einfluss auf die Gravurfarbe hat.<\/li>\n<\/ul>\n<\/li>\n<li><strong>Geruchsentwicklung<\/strong>:\n<ul class=\"[&amp;&gt;li]:custom-bullet pl-[18px] rtl:pr-[18px]\">\n<li>Nach dem Gravieren von Leder kann es zu unangenehmen Ger\u00fcchen kommen, die jedoch nach einigen Tagen verschwinden.<\/li>\n<\/ul>\n<\/li>\n<li><strong>Anforderungen f\u00fcr Bildgravuren<\/strong>:\n<ul class=\"[&amp;&gt;li]:custom-bullet pl-[18px] rtl:pr-[18px]\">\n<li>Zur Gravur eines Bildes ben\u00f6tigen wir von Ihnen eine Datei im Format .jpg, .pdf, .png oder .tif.<\/li>\n<li>Es wird empfohlen, eine Aufl\u00f6sung von <strong>300 dpi<\/strong> f\u00fcr optimale Ergebnisse zu verwenden.<\/li>\n<\/ul>\n<\/li>\n<\/ul>\n<p>Der <a class=\"cursor-pointer\" title=\"www.google.com\/search?q=Natur%20Leder%20W%C3%BCrfelbecher\">Natur Leder W\u00fcrfelbecher<\/a> ist ein einzigartiges und pers\u00f6nliches Accessoire, das mit Ihrem individuellen Motiv versehen werden kann, um eine besondere Note zu verleihen.<\/p>\n<\/div>\n<p>&nbsp;<\/p>\n","protected":false},"excerpt":{"rendered":"<p>Um Ihren W\u00fcrfelbecher individuell zu gestalten benutzen sie unseren Konfigurator.<br \/>\nAuf dem Bauteil kann es zu Staubablagerungen kommen.<br \/>\nGravuren auf Leder werden dunkel-Braun bzw. Schwarz\u00a0und niemals Farbig.\u00a0Siehe Bsp. Bild<\/p>\n<p>Wozu Lederfett?<\/p>\n<p>Das Lederfett wird von uns mit einem Lappen hauchd\u00fcnn aufgetragen. Es n\u00e4hrt pflegt und impr\u00e4gniert Glattleder. Zus\u00e4tzlich verhindert es die Bildung von Wasserr\u00e4ndern und h\u00e4lt das Leder geschmeidig und atmungsaktiv. Selbstverst\u00e4ndlich ist das Fett hautfreundlich und umweltfreundlich.<\/p>\n<p><strong><span style=\"color: green;\">Lieferzeit 1-3 Tage<\/span><\/strong><\/p>\n<p><strong>Bitte nicht vergessen die Position der Gravur im Konfigurator zu w\u00e4hlen<\/strong><\/p>\n","protected":false},"featured_media":106,"comment_status":"closed","ping_status":"closed","template":"","meta":[],"product_brand":[],"product_cat":[17],"product_tag":[117,108,89,78,111,87,109,80,120,113,98,104,103,94,93,96,100,106,101,102,83,92,112,105,86,67,85,88,107,119,95,90,115,116,97,99,114,81,55,91,110,118,82,84],"class_list":{"0":"post-99","1":"product","2":"type-product","3":"status-publish","4":"has-post-thumbnail","6":"product_cat-becher","7":"product_tag-beer-dice","8":"product_tag-boardgame","9":"product_tag-brettspiel-zubehoer","10":"product_tag-casino-zubehoer","11":"product_tag-cooles-geschenk","12":"product_tag-dd","13":"product_tag-dice","14":"product_tag-dice-cup","15":"product_tag-family-games","16":"product_tag-gamer-geschenk","17":"product_tag-gaming-zubehoer","18":"product_tag-geschenk-fuer-freunde","19":"product_tag-geschenk-fuer-papa","20":"product_tag-geschenk-fuer-spieler","21":"product_tag-geschenkidee","22":"product_tag-gesellschaftsspiele","23":"product_tag-graviert","24":"product_tag-hobby","25":"product_tag-individuell","26":"product_tag-individuell-graviert","27":"product_tag-kniffel","28":"product_tag-lasergravur","29":"product_tag-originelles-geschenk","30":"product_tag-partyspiele","31":"product_tag-pen-paper","32":"product_tag-personalisierter-wuerfelbecher","33":"product_tag-poker","34":"product_tag-rollenspiel","35":"product_tag-sammler","36":"product_tag-spiele-klassiker","37":"product_tag-spieleabend","38":"product_tag-spielzubehoer","39":"product_tag-stammtisch","40":"product_tag-strategie-spiele","41":"product_tag-tabletop","42":"product_tag-turnierbedarf","43":"product_tag-vereinsbedarf","44":"product_tag-wuerfel","45":"product_tag-wuerfelbecher","46":"product_tag-wuerfelbecher-geschenk","47":"product_tag-wuerfeln","48":"product_tag-wuerfelset","49":"product_tag-wuerfelspiel","50":"product_tag-yahtzee","52":"first","53":"instock","54":"taxable","55":"shipping-taxable","56":"purchasable","57":"product-type-variable","58":"has-default-attributes"},"yoast_head":"<!-- This site is optimized with the Yoast SEO plugin v27.4 - https:\/\/yoast.com\/product\/yoast-seo-wordpress\/ -->\n<title>W\u00fcrfelbecher mit Gravur - Gravur Individuell LaserGravur<\/title>\n<meta name=\"description\" content=\"Natur Leder W\u00fcrfelbecher zum freien gestalten mit Ihrem Motiv. Benutzen sie unseren Konfigurator.\" \/>\n<meta name=\"robots\" content=\"index, follow, max-snippet:-1, max-image-preview:large, max-video-preview:-1\" \/>\n<link rel=\"canonical\" href=\"https:\/\/wuerfel-becher.de\/index.php\/produkt\/wuerfel-becher-mit-gravur\/\" \/>\n<meta property=\"og:locale\" content=\"de_DE\" \/>\n<meta property=\"og:type\" content=\"article\" \/>\n<meta property=\"og:title\" content=\"W\u00fcrfelbecher mit Gravur - Gravur Individuell LaserGravur\" \/>\n<meta property=\"og:description\" content=\"Natur Leder W\u00fcrfelbecher zum freien gestalten mit Ihrem Motiv. Benutzen sie unseren Konfigurator.\" \/>\n<meta property=\"og:url\" content=\"https:\/\/wuerfel-becher.de\/index.php\/produkt\/wuerfel-becher-mit-gravur\/\" \/>\n<meta property=\"og:site_name\" content=\"W\u00fcrfel-Becher.de\" \/>\n<meta property=\"article:modified_time\" content=\"2025-10-28T11:49:57+00:00\" \/>\n<meta property=\"og:image\" content=\"https:\/\/wuerfel-becher.de\/wp-content\/uploads\/2021\/10\/vornetest.png\" \/>\n\t<meta property=\"og:image:width\" content=\"540\" \/>\n\t<meta property=\"og:image:height\" content=\"440\" \/>\n\t<meta property=\"og:image:type\" content=\"image\/png\" \/>\n<meta name=\"twitter:card\" content=\"summary_large_image\" \/>\n<meta name=\"twitter:label1\" content=\"Gesch\u00e4tzte Lesezeit\" \/>\n\t<meta name=\"twitter:data1\" content=\"1\u00a0Minute\" \/>\n<script type=\"application\/ld+json\" class=\"yoast-schema-graph\">{\"@context\":\"https:\\\/\\\/schema.org\",\"@graph\":[{\"@type\":\"WebPage\",\"@id\":\"https:\\\/\\\/wuerfel-becher.de\\\/index.php\\\/produkt\\\/wuerfel-becher-mit-gravur\\\/\",\"url\":\"https:\\\/\\\/wuerfel-becher.de\\\/index.php\\\/produkt\\\/wuerfel-becher-mit-gravur\\\/\",\"name\":\"W\u00fcrfelbecher mit Gravur - Gravur Individuell LaserGravur\",\"isPartOf\":{\"@id\":\"https:\\\/\\\/wuerfel-becher.de\\\/#website\"},\"primaryImageOfPage\":{\"@id\":\"https:\\\/\\\/wuerfel-becher.de\\\/index.php\\\/produkt\\\/wuerfel-becher-mit-gravur\\\/#primaryimage\"},\"image\":{\"@id\":\"https:\\\/\\\/wuerfel-becher.de\\\/index.php\\\/produkt\\\/wuerfel-becher-mit-gravur\\\/#primaryimage\"},\"thumbnailUrl\":\"https:\\\/\\\/i0.wp.com\\\/wuerfel-becher.de\\\/wp-content\\\/uploads\\\/2021\\\/10\\\/vornetest.png?fit=540%2C440&ssl=1\",\"datePublished\":\"2021-10-04T12:13:10+00:00\",\"dateModified\":\"2025-10-28T11:49:57+00:00\",\"description\":\"Natur Leder W\u00fcrfelbecher zum freien gestalten mit Ihrem Motiv. Benutzen sie unseren Konfigurator.\",\"breadcrumb\":{\"@id\":\"https:\\\/\\\/wuerfel-becher.de\\\/index.php\\\/produkt\\\/wuerfel-becher-mit-gravur\\\/#breadcrumb\"},\"inLanguage\":\"de\",\"potentialAction\":[{\"@type\":\"ReadAction\",\"target\":[\"https:\\\/\\\/wuerfel-becher.de\\\/index.php\\\/produkt\\\/wuerfel-becher-mit-gravur\\\/\"]}]},{\"@type\":\"ImageObject\",\"inLanguage\":\"de\",\"@id\":\"https:\\\/\\\/wuerfel-becher.de\\\/index.php\\\/produkt\\\/wuerfel-becher-mit-gravur\\\/#primaryimage\",\"url\":\"https:\\\/\\\/i0.wp.com\\\/wuerfel-becher.de\\\/wp-content\\\/uploads\\\/2021\\\/10\\\/vornetest.png?fit=540%2C440&ssl=1\",\"contentUrl\":\"https:\\\/\\\/i0.wp.com\\\/wuerfel-becher.de\\\/wp-content\\\/uploads\\\/2021\\\/10\\\/vornetest.png?fit=540%2C440&ssl=1\",\"width\":540,\"height\":440,\"caption\":\"lederbecher\"},{\"@type\":\"BreadcrumbList\",\"@id\":\"https:\\\/\\\/wuerfel-becher.de\\\/index.php\\\/produkt\\\/wuerfel-becher-mit-gravur\\\/#breadcrumb\",\"itemListElement\":[{\"@type\":\"ListItem\",\"position\":1,\"name\":\"Startseite\",\"item\":\"https:\\\/\\\/wuerfel-becher.de\\\/\"},{\"@type\":\"ListItem\",\"position\":2,\"name\":\"Shop\",\"item\":\"https:\\\/\\\/wuerfel-becher.de\\\/index.php\\\/shop-fuer-gravierte-wuerfelbecher\\\/\"},{\"@type\":\"ListItem\",\"position\":3,\"name\":\"W\u00fcrfelbecher mit Gravur\"}]},{\"@type\":\"WebSite\",\"@id\":\"https:\\\/\\\/wuerfel-becher.de\\\/#website\",\"url\":\"https:\\\/\\\/wuerfel-becher.de\\\/\",\"name\":\"W\u00fcrfel-Becher.de\",\"description\":\"\",\"publisher\":{\"@id\":\"https:\\\/\\\/wuerfel-becher.de\\\/#organization\"},\"potentialAction\":[{\"@type\":\"SearchAction\",\"target\":{\"@type\":\"EntryPoint\",\"urlTemplate\":\"https:\\\/\\\/wuerfel-becher.de\\\/?s={search_term_string}\"},\"query-input\":{\"@type\":\"PropertyValueSpecification\",\"valueRequired\":true,\"valueName\":\"search_term_string\"}}],\"inLanguage\":\"de\"},{\"@type\":\"Organization\",\"@id\":\"https:\\\/\\\/wuerfel-becher.de\\\/#organization\",\"name\":\"W\u00fcrfel-Becher.de\",\"url\":\"https:\\\/\\\/wuerfel-becher.de\\\/\",\"logo\":{\"@type\":\"ImageObject\",\"inLanguage\":\"de\",\"@id\":\"https:\\\/\\\/wuerfel-becher.de\\\/#\\\/schema\\\/logo\\\/image\\\/\",\"url\":\"https:\\\/\\\/xn--wrfel-becher-dlb.de\\\/wp-content\\\/uploads\\\/2021\\\/11\\\/becherlogo.png\",\"contentUrl\":\"https:\\\/\\\/xn--wrfel-becher-dlb.de\\\/wp-content\\\/uploads\\\/2021\\\/11\\\/becherlogo.png\",\"width\":418,\"height\":449,\"caption\":\"W\u00fcrfel-Becher.de\"},\"image\":{\"@id\":\"https:\\\/\\\/wuerfel-becher.de\\\/#\\\/schema\\\/logo\\\/image\\\/\"},\"sameAs\":[\"https:\\\/\\\/www.instagram.com\\\/wuerfelbecher_mit_gravur\\\/\"]}]}<\/script>\n<!-- \/ Yoast SEO plugin. -->","yoast_head_json":{"title":"W\u00fcrfelbecher mit Gravur - Gravur Individuell LaserGravur","description":"Natur Leder W\u00fcrfelbecher zum freien gestalten mit Ihrem Motiv. Benutzen sie unseren Konfigurator.","robots":{"index":"index","follow":"follow","max-snippet":"max-snippet:-1","max-image-preview":"max-image-preview:large","max-video-preview":"max-video-preview:-1"},"canonical":"https:\/\/wuerfel-becher.de\/index.php\/produkt\/wuerfel-becher-mit-gravur\/","og_locale":"de_DE","og_type":"article","og_title":"W\u00fcrfelbecher mit Gravur - Gravur Individuell LaserGravur","og_description":"Natur Leder W\u00fcrfelbecher zum freien gestalten mit Ihrem Motiv. Benutzen sie unseren Konfigurator.","og_url":"https:\/\/wuerfel-becher.de\/index.php\/produkt\/wuerfel-becher-mit-gravur\/","og_site_name":"W\u00fcrfel-Becher.de","article_modified_time":"2025-10-28T11:49:57+00:00","og_image":[{"width":540,"height":440,"url":"https:\/\/wuerfel-becher.de\/wp-content\/uploads\/2021\/10\/vornetest.png","type":"image\/png"}],"twitter_card":"summary_large_image","twitter_misc":{"Gesch\u00e4tzte Lesezeit":"1\u00a0Minute"},"schema":{"@context":"https:\/\/schema.org","@graph":[{"@type":"WebPage","@id":"https:\/\/wuerfel-becher.de\/index.php\/produkt\/wuerfel-becher-mit-gravur\/","url":"https:\/\/wuerfel-becher.de\/index.php\/produkt\/wuerfel-becher-mit-gravur\/","name":"W\u00fcrfelbecher mit Gravur - Gravur Individuell LaserGravur","isPartOf":{"@id":"https:\/\/wuerfel-becher.de\/#website"},"primaryImageOfPage":{"@id":"https:\/\/wuerfel-becher.de\/index.php\/produkt\/wuerfel-becher-mit-gravur\/#primaryimage"},"image":{"@id":"https:\/\/wuerfel-becher.de\/index.php\/produkt\/wuerfel-becher-mit-gravur\/#primaryimage"},"thumbnailUrl":"https:\/\/i0.wp.com\/wuerfel-becher.de\/wp-content\/uploads\/2021\/10\/vornetest.png?fit=540%2C440&ssl=1","datePublished":"2021-10-04T12:13:10+00:00","dateModified":"2025-10-28T11:49:57+00:00","description":"Natur Leder W\u00fcrfelbecher zum freien gestalten mit Ihrem Motiv. Benutzen sie unseren Konfigurator.","breadcrumb":{"@id":"https:\/\/wuerfel-becher.de\/index.php\/produkt\/wuerfel-becher-mit-gravur\/#breadcrumb"},"inLanguage":"de","potentialAction":[{"@type":"ReadAction","target":["https:\/\/wuerfel-becher.de\/index.php\/produkt\/wuerfel-becher-mit-gravur\/"]}]},{"@type":"ImageObject","inLanguage":"de","@id":"https:\/\/wuerfel-becher.de\/index.php\/produkt\/wuerfel-becher-mit-gravur\/#primaryimage","url":"https:\/\/i0.wp.com\/wuerfel-becher.de\/wp-content\/uploads\/2021\/10\/vornetest.png?fit=540%2C440&ssl=1","contentUrl":"https:\/\/i0.wp.com\/wuerfel-becher.de\/wp-content\/uploads\/2021\/10\/vornetest.png?fit=540%2C440&ssl=1","width":540,"height":440,"caption":"lederbecher"},{"@type":"BreadcrumbList","@id":"https:\/\/wuerfel-becher.de\/index.php\/produkt\/wuerfel-becher-mit-gravur\/#breadcrumb","itemListElement":[{"@type":"ListItem","position":1,"name":"Startseite","item":"https:\/\/wuerfel-becher.de\/"},{"@type":"ListItem","position":2,"name":"Shop","item":"https:\/\/wuerfel-becher.de\/index.php\/shop-fuer-gravierte-wuerfelbecher\/"},{"@type":"ListItem","position":3,"name":"W\u00fcrfelbecher mit Gravur"}]},{"@type":"WebSite","@id":"https:\/\/wuerfel-becher.de\/#website","url":"https:\/\/wuerfel-becher.de\/","name":"W\u00fcrfel-Becher.de","description":"","publisher":{"@id":"https:\/\/wuerfel-becher.de\/#organization"},"potentialAction":[{"@type":"SearchAction","target":{"@type":"EntryPoint","urlTemplate":"https:\/\/wuerfel-becher.de\/?s={search_term_string}"},"query-input":{"@type":"PropertyValueSpecification","valueRequired":true,"valueName":"search_term_string"}}],"inLanguage":"de"},{"@type":"Organization","@id":"https:\/\/wuerfel-becher.de\/#organization","name":"W\u00fcrfel-Becher.de","url":"https:\/\/wuerfel-becher.de\/","logo":{"@type":"ImageObject","inLanguage":"de","@id":"https:\/\/wuerfel-becher.de\/#\/schema\/logo\/image\/","url":"https:\/\/xn--wrfel-becher-dlb.de\/wp-content\/uploads\/2021\/11\/becherlogo.png","contentUrl":"https:\/\/xn--wrfel-becher-dlb.de\/wp-content\/uploads\/2021\/11\/becherlogo.png","width":418,"height":449,"caption":"W\u00fcrfel-Becher.de"},"image":{"@id":"https:\/\/wuerfel-becher.de\/#\/schema\/logo\/image\/"},"sameAs":["https:\/\/www.instagram.com\/wuerfelbecher_mit_gravur\/"]}]}},"jetpack_sharing_enabled":true,"_links":{"self":[{"href":"https:\/\/wuerfel-becher.de\/index.php\/wp-json\/wp\/v2\/product\/99","targetHints":{"allow":["GET"]}}],"collection":[{"href":"https:\/\/wuerfel-becher.de\/index.php\/wp-json\/wp\/v2\/product"}],"about":[{"href":"https:\/\/wuerfel-becher.de\/index.php\/wp-json\/wp\/v2\/types\/product"}],"replies":[{"embeddable":true,"href":"https:\/\/wuerfel-becher.de\/index.php\/wp-json\/wp\/v2\/comments?post=99"}],"wp:featuredmedia":[{"embeddable":true,"href":"https:\/\/wuerfel-becher.de\/index.php\/wp-json\/wp\/v2\/media\/106"}],"wp:attachment":[{"href":"https:\/\/wuerfel-becher.de\/index.php\/wp-json\/wp\/v2\/media?parent=99"}],"wp:term":[{"taxonomy":"product_brand","embeddable":true,"href":"https:\/\/wuerfel-becher.de\/index.php\/wp-json\/wp\/v2\/product_brand?post=99"},{"taxonomy":"product_cat","embeddable":true,"href":"https:\/\/wuerfel-becher.de\/index.php\/wp-json\/wp\/v2\/product_cat?post=99"},{"taxonomy":"product_tag","embeddable":true,"href":"https:\/\/wuerfel-becher.de\/index.php\/wp-json\/wp\/v2\/product_tag?post=99"}],"curies":[{"name":"wp","href":"https:\/\/api.w.org\/{rel}","templated":true}]}}